{"id":8574,"date":"2025-02-13T09:08:35","date_gmt":"2025-02-13T09:08:35","guid":{"rendered":"https:\/\/www.unionwellswitchs.com\/?page_id=8574"},"modified":"2025-02-27T07:55:58","modified_gmt":"2025-02-27T07:55:58","slug":"dpdt-mikroschalter-g606","status":"publish","type":"page","link":"https:\/\/www.unionwellswitchs.com\/de\/dpdt-mikroschalter-g606\/","title":{"rendered":"DPDT-Mikroschalter G606"},"content":{"rendered":"<div class=\"fusion-fullwidth fullwidth-box fusion-builder-row-1 nonhundred-percent-fullwidth non-hundred-percent-height-scrolling\" style=\"background-color: rgba(255,255,255,0);background-position: center center;background-repeat: no-repeat;padding-top:0px;padding-right:0px;padding-bottom:0px;padding-left:0px;margin-bottom: 0px;margin-top: 0px;border-width: 0px 0px 0px 0px;border-color:#eae9e9;border-style:solid;\" ><div class=\"fusion-builder-row fusion-row\"><div class=\"fusion-layout-column fusion_builder_column fusion-builder-column-0 fusion_builder_column_1_1 1_1 fusion-one-full fusion-column-first fusion-column-last\" style=\"margin-top:5px;margin-bottom:5px;\"><div class=\"fusion-column-wrapper fusion-flex-column-wrapper-legacy\" style=\"background-position:left top;background-repeat:no-repeat;-webkit-background-size:cover;-moz-background-size:cover;-o-background-size:cover;background-size:cover;padding: 0px 0px 0px 0px;\"><style type=\"text\/css\"><\/style><div class=\"fusion-title title fusion-title-1 fusion-sep-none fusion-title-text fusion-title-size-two\" style=\"font-size:25px;margin-top:10px;margin-right:0px;margin-bottom:10px;margin-left:0px;\"><h2 class=\"title-heading-left\" style=\"margin:0;font-size:1em;\">G606 Doppelunterbrechungs-Schnappschalter<\/h2><\/div><div class=\"fusion-text fusion-text-1\"><p>Die Mikroschalterserie G606 bietet verschiedene Schaltungsoptionen: zweipolige Umschalter (DPS2), zweipolige Umschalter (DPS1) als Schlie\u00dfer (NO) und zweipolige Umschalter (DPS1) als Schlie\u00dfer (NC). K\u00e4ufer k\u00f6nnen die gew\u00fcnschte Schaltung ausw\u00e4hlen. Die Nennleistung betr\u00e4gt \u201c0,5 A 125\/250 V DC\u201d und \u201c6 A 125\/250 V AC, 1\/4 PS 250 V AC\u201d, sodass die Schalter sowohl in Gleich- als auch in Wechselspannungsumgebungen eingesetzt werden k\u00f6nnen. Sie verf\u00fcgen \u00fcber die erforderlichen Sicherheitszertifizierungen.\u00a0<a href=\"https:\/\/ul.org\/\" target=\"_blank\" rel=\"noopener\">UL<\/a>\u00a0&amp; cUL.<\/p>\n<p>Gleichzeitig findet es breite Anwendung in der industriellen Steuerungstechnik, der Hausautomation usw. Beispiele hierf\u00fcr sind Schwimmer, Abwasserpumpen, Kondensatpumpen, Linearantriebe usw.<\/p>\n<\/div><div class=\"fusion-sep-clear\"><\/div><div class=\"fusion-separator fusion-full-width-sep\" style=\"margin-left: auto;margin-right: auto;width:100%;\"><\/div><div class=\"fusion-sep-clear\"><\/div><div class=\"fusion-text fusion-text-2\"><p><img decoding=\"async\" class=\"lazyload alignleft wp-image-9194 size-full\" src=\"https:\/\/www.unionwellswitchs.com\/wp-content\/uploads\/2025\/02\/201906100922029648023.gif\" data-orig-src=\"https:\/\/www.unionwellswitchs.com\/wp-content\/uploads\/2025\/02\/201906100922029648023.gif\" alt=\"\" width=\"98\" height=\"98\" srcset=\"data:image\/svg+xml,%3Csvg%20xmlns%3D%27http%3A%2F%2Fwww.w3.org%2F2000%2Fsvg%27%20width%3D%2798%27%20height%3D%2798%27%20viewBox%3D%270%200%2098%2098%27%3E%3Crect%20width%3D%2798%27%20height%3D%2798%27%20fill-opacity%3D%220%22%2F%3E%3C%2Fsvg%3E\" data-srcset=\"https:\/\/www.unionwellswitchs.com\/wp-content\/uploads\/2025\/02\/201906100922029648023-66x66.gif 66w, https:\/\/www.unionwellswitchs.com\/wp-content\/uploads\/2025\/02\/201906100922029648023.gif 98w\" data-sizes=\"auto\" data-orig-sizes=\"(max-width: 98px) 100vw, 98px\" \/><br \/>\n<a href=\"https:\/\/www.unionwellswitchs.com\/wp-content\/uploads\/2025\/02\/DPDT-Micro-Switch-1NO1NC-G606.pdf\" target=\"_blank\" rel=\"noopener\">DPDT-Mikroschalter 1N0 1NC Serie G606.pdf<\/a><\/p>\n<\/div><div class=\"fusion-sep-clear\"><\/div><div class=\"fusion-separator fusion-full-width-sep\" style=\"margin-left: auto;margin-right: auto;width:100%;\"><\/div><div class=\"fusion-sep-clear\"><\/div><style type=\"text\/css\"><\/style><div class=\"fusion-title title fusion-title-2 fusion-sep-none fusion-title-text fusion-title-size-two\" style=\"font-size:25px;margin-top:10px;margin-right:0px;margin-bottom:10px;margin-left:0px;\"><h2 class=\"title-heading-left\" style=\"margin:0;font-size:1em;\">Parameter von Doppelpolschaltern<\/h2><\/div><div class=\"fusion-text fusion-text-3\"><table border=\"1\" width=\"100%\" cellspacing=\"5\" cellpadding=\"5\">\n<thead>\n<tr>\n<th align=\"left\"><strong>Artikel<\/strong><\/th>\n<th align=\"left\"><strong>G606<\/strong><\/th>\n<\/tr>\n<\/thead>\n<tbody>\n<tr>\n<td align=\"left\">Bewertung<\/td>\n<td align=\"left\">0,5A 125\/250VDC; 0,5A\/6A 125\/250VAC, 1\/4HP 250VAC<\/td>\n<\/tr>\n<tr>\n<td align=\"left\">Isolationswiderstand<\/td>\n<td align=\"left\">100 m\u03a9 bei 500 V DC<\/td>\n<\/tr>\n<tr>\n<td align=\"left\">Elektrische Lebensdauer<\/td>\n<td align=\"left\">50.000 bis 100.000 Zyklen<\/td>\n<\/tr>\n<tr>\n<td align=\"left\">Mechanische Lebensdauer<\/td>\n<td align=\"left\">5000000 Zyklen<\/td>\n<\/tr>\n<tr>\n<td align=\"left\">Temperatur<\/td>\n<td align=\"left\">-40 bis 125\u2103<\/td>\n<\/tr>\n<tr>\n<td align=\"left\">Durchschlagsfestigkeit<\/td>\n<td align=\"left\">Wechselstrom 750 V RMS (50~60 Hz)<\/td>\n<\/tr>\n<tr>\n<td align=\"left\">Schaltungen<\/td>\n<td align=\"left\">DPDT, DPST-NO, DPST-NC<\/td>\n<\/tr>\n<tr>\n<td align=\"left\">Hebel- und Anschlussarten<\/td>\n<td align=\"left\">Mehr als 20 Sorten zur Auswahl<\/td>\n<\/tr>\n<\/tbody>\n<\/table>\n<\/div><div class=\"fusion-sep-clear\"><\/div><div class=\"fusion-separator fusion-full-width-sep\" style=\"margin-left: auto;margin-right: auto;width:100%;\"><\/div><div class=\"fusion-sep-clear\"><\/div><style type=\"text\/css\"><\/style><div class=\"fusion-title title fusion-title-3 fusion-sep-none fusion-title-text fusion-title-size-two\" style=\"font-size:25px;margin-top:10px;margin-right:0px;margin-bottom:10px;margin-left:0px;\"><h2 class=\"title-heading-left\" style=\"margin:0;font-size:1em;\"><strong>G606 Mikroschalter-Produkte<\/strong><\/h2><\/div><div class=\"fusion-text fusion-text-4\"><p>Neben der G606-Serie bieten wir auch viele andere Mikroschalter und Produkte zur Auswahl an, die in einer Anwendung kombiniert werden k\u00f6nnen.,\u00a0<a href=\"https:\/\/www.unionwellswitchs.com\/de\/mikroschalter\/\">Besuchen Sie unsere Produktseite, um mehr zu erfahren.<\/a>.<\/p>\n<\/div><style type=\"text\/css\">.fusion-portfolio-wrapper#fusion-portfolio-1 .fusion-portfolio-content{ padding: 10px 10px 10px 10px; text-align: center; }<\/style><div class=\"fusion-recent-works fusion-portfolio-element fusion-portfolio fusion-portfolio-1 fusion-portfolio-grid fusion-portfolio-paging-pagination fusion-portfolio-four fusion-portfolio-boxed fusion-portfolio-text fusion-portfolio-equal-heights fusion-portfolio-rollover\" data-id=\"-rw-1\" data-columns=\"four\"><style type=\"text\/css\">.fusion-portfolio-1 .fusion-portfolio-wrapper .fusion-col-spacing{padding:5px;}<\/style><div class=\"fusion-portfolio-wrapper\" id=\"fusion-portfolio-1\" data-picturesize=\"auto\" data-pages=\"1\" style=\"margin:-5px;\"><article id=\"portfolio-1-post-8184\" class=\"fusion-portfolio-post dpdt-micro-switch-g606 fusion-col-spacing post-8184\"><div class=\"fusion-portfolio-content-wrapper\" style=\"border:1px solid #f2f3f5;border-bottom-width:3px;background-color:rgba(255,255,255,0);\"><span class=\"vcard rich-snippet-hidden\"><span class=\"fn\"><a href=\"https:\/\/www.unionwellswitchs.com\/de\/author\/grandyeadmin\/\" title=\"Beitr\u00e4ge von unionwellswitchs\" rel=\"author\">Unionwell-Schalter<\/a><\/span><\/span><span class=\"updated rich-snippet-hidden\">2026-02-25T05:42:30+00:00<\/span><div  class=\"fusion-image-wrapper\" aria-haspopup=\"true\">\n\t\t\t\t<img decoding=\"async\" width=\"600\" height=\"600\" src=\"https:\/\/www.unionwellswitchs.com\/wp-content\/uploads\/2025\/02\/G606-200K19DU-600x600-1.jpg\" class=\"attachment-full size-full lazyload wp-post-image\" alt=\"\" srcset=\"data:image\/svg+xml,%3Csvg%20xmlns%3D%27http%3A%2F%2Fwww.w3.org%2F2000%2Fsvg%27%20width%3D%27600%27%20height%3D%27600%27%20viewBox%3D%270%200%20600%20600%27%3E%3Crect%20width%3D%27600%27%20height%3D%27600%27%20fill-opacity%3D%220%22%2F%3E%3C%2Fsvg%3E\" data-orig-src=\"https:\/\/www.unionwellswitchs.com\/wp-content\/uploads\/2025\/02\/G606-200K19DU-600x600-1.jpg\" data-srcset=\"https:\/\/www.unionwellswitchs.com\/wp-content\/uploads\/2025\/02\/G606-200K19DU-600x600-1-200x200.jpg 200w, https:\/\/www.unionwellswitchs.com\/wp-content\/uploads\/2025\/02\/G606-200K19DU-600x600-1-400x400.jpg 400w, https:\/\/www.unionwellswitchs.com\/wp-content\/uploads\/2025\/02\/G606-200K19DU-600x600-1.jpg 600w\" data-sizes=\"auto\" \/><div class=\"fusion-rollover\">\n\t<div class=\"fusion-rollover-content\">\n\n\t\t\t\t\t\t\t\t\t\t\t\t\t\t<a class=\"fusion-rollover-link\" href=\"https:\/\/www.unionwellswitchs.com\/de\/produkt\/dpdt-mikroschalter-mit-langem-lotanschluss-200-gf\/\">DPDT-Mikroschalter mit langem L\u00f6tanschluss 200 gf<\/a>\n\t\t\t\n\t\t\t\t\t\t\t\t\n\t\t\n\t\t\t\t\t\t\t\t\t\t\t\t<h4 class=\"fusion-rollover-title\">\n\t\t\t\t\t<a class=\"fusion-rollover-title-link\" href=\"https:\/\/www.unionwellswitchs.com\/de\/produkt\/dpdt-mikroschalter-mit-langem-lotanschluss-200-gf\/\">\n\t\t\t\t\t\tDPDT-Mikroschalter mit langem L\u00f6tanschluss 200 gf\t\t\t\t\t<\/a>\n\t\t\t\t<\/h4>\n\t\t\t\n\t\t\t\t\t\t\t\t\n\t\t\n\t\t\t\t\t\t<a class=\"fusion-link-wrapper\" href=\"https:\/\/www.unionwellswitchs.com\/de\/produkt\/dpdt-mikroschalter-mit-langem-lotanschluss-200-gf\/\" aria-label=\"DPDT-Mikroschalter mit langem L\u00f6tanschluss 200 gf\"><\/a>\n\t<\/div>\n<\/div>\n<\/div>\n<div class=\"fusion-portfolio-content\" style=\"background-color:rgba(255,255,255,0);\"><h2 class=\"entry-title fusion-post-title\"><a href=\"https:\/\/www.unionwellswitchs.com\/de\/produkt\/dpdt-mikroschalter-mit-langem-lotanschluss-200-gf\/\">DPDT-Mikroschalter mit langem L\u00f6tanschluss 200 gf<\/a><\/h2><div class=\"fusion-post-content\"><\/div><\/div><\/div><\/article><article id=\"portfolio-1-post-8180\" class=\"fusion-portfolio-post dpdt-micro-switch-g606 fusion-col-spacing post-8180\"><div class=\"fusion-portfolio-content-wrapper\" style=\"border:1px solid #f2f3f5;border-bottom-width:3px;background-color:rgba(255,255,255,0);\"><span class=\"vcard rich-snippet-hidden\"><span class=\"fn\"><a href=\"https:\/\/www.unionwellswitchs.com\/de\/author\/grandyeadmin\/\" title=\"Beitr\u00e4ge von unionwellswitchs\" rel=\"author\">Unionwell-Schalter<\/a><\/span><\/span><span class=\"updated rich-snippet-hidden\">2026-02-25T05:42:43+00:00<\/span><div  class=\"fusion-image-wrapper\" aria-haspopup=\"true\">\n\t\t\t\t<img decoding=\"async\" width=\"600\" height=\"600\" src=\"https:\/\/www.unionwellswitchs.com\/wp-content\/uploads\/2025\/02\/G606-200R11EK.jpg\" class=\"attachment-full size-full lazyload wp-post-image\" alt=\"\" srcset=\"data:image\/svg+xml,%3Csvg%20xmlns%3D%27http%3A%2F%2Fwww.w3.org%2F2000%2Fsvg%27%20width%3D%27600%27%20height%3D%27600%27%20viewBox%3D%270%200%20600%20600%27%3E%3Crect%20width%3D%27600%27%20height%3D%27600%27%20fill-opacity%3D%220%22%2F%3E%3C%2Fsvg%3E\" data-orig-src=\"https:\/\/www.unionwellswitchs.com\/wp-content\/uploads\/2025\/02\/G606-200R11EK.jpg\" data-srcset=\"https:\/\/www.unionwellswitchs.com\/wp-content\/uploads\/2025\/02\/G606-200R11EK-200x200.jpg 200w, https:\/\/www.unionwellswitchs.com\/wp-content\/uploads\/2025\/02\/G606-200R11EK-400x400.jpg 400w, https:\/\/www.unionwellswitchs.com\/wp-content\/uploads\/2025\/02\/G606-200R11EK.jpg 600w\" data-sizes=\"auto\" \/><div class=\"fusion-rollover\">\n\t<div class=\"fusion-rollover-content\">\n\n\t\t\t\t\t\t\t\t\t\t\t\t\t\t<a class=\"fusion-rollover-link\" href=\"https:\/\/www.unionwellswitchs.com\/de\/produkt\/dpdt-mikroschalter-rechte-seite-leiterplattenanschlusse-g606\/\">DPDT-Mikroschalter, rechte Seite, Leiterplattenanschl\u00fcsse G606<\/a>\n\t\t\t\n\t\t\t\t\t\t\t\t\n\t\t\n\t\t\t\t\t\t\t\t\t\t\t\t<h4 class=\"fusion-rollover-title\">\n\t\t\t\t\t<a class=\"fusion-rollover-title-link\" href=\"https:\/\/www.unionwellswitchs.com\/de\/produkt\/dpdt-mikroschalter-rechte-seite-leiterplattenanschlusse-g606\/\">\n\t\t\t\t\t\tDPDT-Mikroschalter, rechte Seite, Leiterplattenanschl\u00fcsse G606\t\t\t\t\t<\/a>\n\t\t\t\t<\/h4>\n\t\t\t\n\t\t\t\t\t\t\t\t\n\t\t\n\t\t\t\t\t\t<a class=\"fusion-link-wrapper\" href=\"https:\/\/www.unionwellswitchs.com\/de\/produkt\/dpdt-mikroschalter-rechte-seite-leiterplattenanschlusse-g606\/\" aria-label=\"DPDT-Mikroschalter, rechte Seite, Leiterplattenanschl\u00fcsse G606\"><\/a>\n\t<\/div>\n<\/div>\n<\/div>\n<div class=\"fusion-portfolio-content\" style=\"background-color:rgba(255,255,255,0);\"><h2 class=\"entry-title fusion-post-title\"><a href=\"https:\/\/www.unionwellswitchs.com\/de\/produkt\/dpdt-mikroschalter-rechte-seite-leiterplattenanschlusse-g606\/\">DPDT-Mikroschalter, rechte Seite, Leiterplattenanschl\u00fcsse G606<\/a><\/h2><div class=\"fusion-post-content\"><\/div><\/div><\/div><\/article><article id=\"portfolio-1-post-8175\" class=\"fusion-portfolio-post dpdt-micro-switch-g606 fusion-col-spacing post-8175\"><div class=\"fusion-portfolio-content-wrapper\" style=\"border:1px solid #f2f3f5;border-bottom-width:3px;background-color:rgba(255,255,255,0);\"><span class=\"vcard rich-snippet-hidden\"><span class=\"fn\"><a href=\"https:\/\/www.unionwellswitchs.com\/de\/author\/grandyeadmin\/\" title=\"Beitr\u00e4ge von unionwellswitchs\" rel=\"author\">Unionwell-Schalter<\/a><\/span><\/span><span class=\"updated rich-snippet-hidden\">2026-02-25T05:42:59+00:00<\/span><div  class=\"fusion-image-wrapper\" aria-haspopup=\"true\">\n\t\t\t\t<img decoding=\"async\" width=\"600\" height=\"600\" src=\"https:\/\/www.unionwellswitchs.com\/wp-content\/uploads\/2025\/02\/G606-200K12E-T009.jpg\" class=\"attachment-full size-full lazyload wp-post-image\" alt=\"\" srcset=\"data:image\/svg+xml,%3Csvg%20xmlns%3D%27http%3A%2F%2Fwww.w3.org%2F2000%2Fsvg%27%20width%3D%27600%27%20height%3D%27600%27%20viewBox%3D%270%200%20600%20600%27%3E%3Crect%20width%3D%27600%27%20height%3D%27600%27%20fill-opacity%3D%220%22%2F%3E%3C%2Fsvg%3E\" data-orig-src=\"https:\/\/www.unionwellswitchs.com\/wp-content\/uploads\/2025\/02\/G606-200K12E-T009.jpg\" data-srcset=\"https:\/\/www.unionwellswitchs.com\/wp-content\/uploads\/2025\/02\/G606-200K12E-T009-200x200.jpg 200w, https:\/\/www.unionwellswitchs.com\/wp-content\/uploads\/2025\/02\/G606-200K12E-T009-400x400.jpg 400w, https:\/\/www.unionwellswitchs.com\/wp-content\/uploads\/2025\/02\/G606-200K12E-T009.jpg 600w\" data-sizes=\"auto\" \/><div class=\"fusion-rollover\">\n\t<div class=\"fusion-rollover-content\">\n\n\t\t\t\t\t\t\t\t\t\t\t\t\t\t<a class=\"fusion-rollover-link\" href=\"https:\/\/www.unionwellswitchs.com\/de\/produkt\/dpdt-mikroschalter-langer-lotanschluss\/\">DPDT-Mikroschalter mit langem L\u00f6tanschluss<\/a>\n\t\t\t\n\t\t\t\t\t\t\t\t\n\t\t\n\t\t\t\t\t\t\t\t\t\t\t\t<h4 class=\"fusion-rollover-title\">\n\t\t\t\t\t<a class=\"fusion-rollover-title-link\" href=\"https:\/\/www.unionwellswitchs.com\/de\/produkt\/dpdt-mikroschalter-langer-lotanschluss\/\">\n\t\t\t\t\t\tDPDT-Mikroschalter mit langem L\u00f6tanschluss\t\t\t\t\t<\/a>\n\t\t\t\t<\/h4>\n\t\t\t\n\t\t\t\t\t\t\t\t\n\t\t\n\t\t\t\t\t\t<a class=\"fusion-link-wrapper\" href=\"https:\/\/www.unionwellswitchs.com\/de\/produkt\/dpdt-mikroschalter-langer-lotanschluss\/\" aria-label=\"DPDT-Mikroschalter mit langem L\u00f6tanschluss\"><\/a>\n\t<\/div>\n<\/div>\n<\/div>\n<div class=\"fusion-portfolio-content\" style=\"background-color:rgba(255,255,255,0);\"><h2 class=\"entry-title fusion-post-title\"><a href=\"https:\/\/www.unionwellswitchs.com\/de\/produkt\/dpdt-mikroschalter-langer-lotanschluss\/\">DPDT-Mikroschalter mit langem L\u00f6tanschluss<\/a><\/h2><div class=\"fusion-post-content\"><\/div><\/div><\/div><\/article><article id=\"portfolio-1-post-8169\" class=\"fusion-portfolio-post dpdt-micro-switch-g606 fusion-col-spacing post-8169\"><div class=\"fusion-portfolio-content-wrapper\" style=\"border:1px solid #f2f3f5;border-bottom-width:3px;background-color:rgba(255,255,255,0);\"><span class=\"vcard rich-snippet-hidden\"><span class=\"fn\"><a href=\"https:\/\/www.unionwellswitchs.com\/de\/author\/grandyeadmin\/\" title=\"Beitr\u00e4ge von unionwellswitchs\" rel=\"author\">Unionwell-Schalter<\/a><\/span><\/span><span class=\"updated rich-snippet-hidden\">2026-02-25T05:43:50+00:00<\/span><div  class=\"fusion-image-wrapper\" aria-haspopup=\"true\">\n\t\t\t\t<img decoding=\"async\" width=\"600\" height=\"600\" src=\"https:\/\/www.unionwellswitchs.com\/wp-content\/uploads\/2025\/02\/G606-200F16D-1.jpg\" class=\"attachment-full size-full lazyload wp-post-image\" alt=\"\" srcset=\"data:image\/svg+xml,%3Csvg%20xmlns%3D%27http%3A%2F%2Fwww.w3.org%2F2000%2Fsvg%27%20width%3D%27600%27%20height%3D%27600%27%20viewBox%3D%270%200%20600%20600%27%3E%3Crect%20width%3D%27600%27%20height%3D%27600%27%20fill-opacity%3D%220%22%2F%3E%3C%2Fsvg%3E\" data-orig-src=\"https:\/\/www.unionwellswitchs.com\/wp-content\/uploads\/2025\/02\/G606-200F16D-1.jpg\" data-srcset=\"https:\/\/www.unionwellswitchs.com\/wp-content\/uploads\/2025\/02\/G606-200F16D-1-200x200.jpg 200w, https:\/\/www.unionwellswitchs.com\/wp-content\/uploads\/2025\/02\/G606-200F16D-1-400x400.jpg 400w, https:\/\/www.unionwellswitchs.com\/wp-content\/uploads\/2025\/02\/G606-200F16D-1.jpg 600w\" data-sizes=\"auto\" \/><div class=\"fusion-rollover\">\n\t<div class=\"fusion-rollover-content\">\n\n\t\t\t\t\t\t\t\t\t\t\t\t\t\t<a class=\"fusion-rollover-link\" href=\"https:\/\/www.unionwellswitchs.com\/de\/produkt\/dpdt-mikroschalter-schnappschalter\/\">DPDT-Mikroschalter Schnappschalter G606<\/a>\n\t\t\t\n\t\t\t\t\t\t\t\t\n\t\t\n\t\t\t\t\t\t\t\t\t\t\t\t<h4 class=\"fusion-rollover-title\">\n\t\t\t\t\t<a class=\"fusion-rollover-title-link\" href=\"https:\/\/www.unionwellswitchs.com\/de\/produkt\/dpdt-mikroschalter-schnappschalter\/\">\n\t\t\t\t\t\tDPDT-Mikroschalter Schnappschalter G606\t\t\t\t\t<\/a>\n\t\t\t\t<\/h4>\n\t\t\t\n\t\t\t\t\t\t\t\t\n\t\t\n\t\t\t\t\t\t<a class=\"fusion-link-wrapper\" href=\"https:\/\/www.unionwellswitchs.com\/de\/produkt\/dpdt-mikroschalter-schnappschalter\/\" aria-label=\"DPDT-Mikroschalter Schnappschalter G606\"><\/a>\n\t<\/div>\n<\/div>\n<\/div>\n<div class=\"fusion-portfolio-content\" style=\"background-color:rgba(255,255,255,0);\"><h2 class=\"entry-title fusion-post-title\"><a href=\"https:\/\/www.unionwellswitchs.com\/de\/produkt\/dpdt-mikroschalter-schnappschalter\/\">DPDT-Mikroschalter Schnappschalter G606<\/a><\/h2><div class=\"fusion-post-content\"><\/div><\/div><\/div><\/article><article id=\"portfolio-1-post-8162\" class=\"fusion-portfolio-post dpdt-micro-switch-g606 fusion-col-spacing post-8162\"><div class=\"fusion-portfolio-content-wrapper\" style=\"border:1px solid #f2f3f5;border-bottom-width:3px;background-color:rgba(255,255,255,0);\"><span class=\"vcard rich-snippet-hidden\"><span class=\"fn\"><a href=\"https:\/\/www.unionwellswitchs.com\/de\/author\/grandyeadmin\/\" title=\"Beitr\u00e4ge von unionwellswitchs\" rel=\"author\">Unionwell-Schalter<\/a><\/span><\/span><span class=\"updated rich-snippet-hidden\">2026-02-25T05:44:04+00:00<\/span><div  class=\"fusion-image-wrapper\" aria-haspopup=\"true\">\n\t\t\t\t<img decoding=\"async\" width=\"600\" height=\"600\" src=\"https:\/\/www.unionwellswitchs.com\/wp-content\/uploads\/2025\/02\/G606-200R12EK-.jpg\" class=\"attachment-full size-full lazyload wp-post-image\" alt=\"\" srcset=\"data:image\/svg+xml,%3Csvg%20xmlns%3D%27http%3A%2F%2Fwww.w3.org%2F2000%2Fsvg%27%20width%3D%27600%27%20height%3D%27600%27%20viewBox%3D%270%200%20600%20600%27%3E%3Crect%20width%3D%27600%27%20height%3D%27600%27%20fill-opacity%3D%220%22%2F%3E%3C%2Fsvg%3E\" data-orig-src=\"https:\/\/www.unionwellswitchs.com\/wp-content\/uploads\/2025\/02\/G606-200R12EK-.jpg\" data-srcset=\"https:\/\/www.unionwellswitchs.com\/wp-content\/uploads\/2025\/02\/G606-200R12EK--200x200.jpg 200w, https:\/\/www.unionwellswitchs.com\/wp-content\/uploads\/2025\/02\/G606-200R12EK--400x400.jpg 400w, https:\/\/www.unionwellswitchs.com\/wp-content\/uploads\/2025\/02\/G606-200R12EK-.jpg 600w\" data-sizes=\"auto\" \/><div class=\"fusion-rollover\">\n\t<div class=\"fusion-rollover-content\">\n\n\t\t\t\t\t\t\t\t\t\t\t\t\t\t<a class=\"fusion-rollover-link\" href=\"https:\/\/www.unionwellswitchs.com\/de\/produkt\/dpdt-aktuatoren-ohne-mikroschalter\/\">DPDT-NO Mikroschalter-Aktuatoren<\/a>\n\t\t\t\n\t\t\t\t\t\t\t\t\n\t\t\n\t\t\t\t\t\t\t\t\t\t\t\t<h4 class=\"fusion-rollover-title\">\n\t\t\t\t\t<a class=\"fusion-rollover-title-link\" href=\"https:\/\/www.unionwellswitchs.com\/de\/produkt\/dpdt-aktuatoren-ohne-mikroschalter\/\">\n\t\t\t\t\t\tDPDT-NO Mikroschalter-Aktuatoren\t\t\t\t\t<\/a>\n\t\t\t\t<\/h4>\n\t\t\t\n\t\t\t\t\t\t\t\t\n\t\t\n\t\t\t\t\t\t<a class=\"fusion-link-wrapper\" href=\"https:\/\/www.unionwellswitchs.com\/de\/produkt\/dpdt-aktuatoren-ohne-mikroschalter\/\" aria-label=\"DPDT-NO Mikroschalter-Aktuatoren\"><\/a>\n\t<\/div>\n<\/div>\n<\/div>\n<div class=\"fusion-portfolio-content\" style=\"background-color:rgba(255,255,255,0);\"><h2 class=\"entry-title fusion-post-title\"><a href=\"https:\/\/www.unionwellswitchs.com\/de\/produkt\/dpdt-aktuatoren-ohne-mikroschalter\/\">DPDT-NO Mikroschalter-Aktuatoren<\/a><\/h2><div class=\"fusion-post-content\"><\/div><\/div><\/div><\/article><article id=\"portfolio-1-post-8156\" class=\"fusion-portfolio-post dpdt-micro-switch-g606 fusion-col-spacing post-8156\"><div class=\"fusion-portfolio-content-wrapper\" style=\"border:1px solid #f2f3f5;border-bottom-width:3px;background-color:rgba(255,255,255,0);\"><span class=\"vcard rich-snippet-hidden\"><span class=\"fn\"><a href=\"https:\/\/www.unionwellswitchs.com\/de\/author\/grandyeadmin\/\" title=\"Beitr\u00e4ge von unionwellswitchs\" rel=\"author\">Unionwell-Schalter<\/a><\/span><\/span><span class=\"updated rich-snippet-hidden\">2026-02-25T05:44:21+00:00<\/span><div  class=\"fusion-image-wrapper\" aria-haspopup=\"true\">\n\t\t\t\t<img decoding=\"async\" width=\"600\" height=\"600\" src=\"https:\/\/www.unionwellswitchs.com\/wp-content\/uploads\/2025\/02\/G606-050K17E-K-T006-.jpg\" class=\"attachment-full size-full lazyload wp-post-image\" alt=\"\" srcset=\"data:image\/svg+xml,%3Csvg%20xmlns%3D%27http%3A%2F%2Fwww.w3.org%2F2000%2Fsvg%27%20width%3D%27600%27%20height%3D%27600%27%20viewBox%3D%270%200%20600%20600%27%3E%3Crect%20width%3D%27600%27%20height%3D%27600%27%20fill-opacity%3D%220%22%2F%3E%3C%2Fsvg%3E\" data-orig-src=\"https:\/\/www.unionwellswitchs.com\/wp-content\/uploads\/2025\/02\/G606-050K17E-K-T006-.jpg\" data-srcset=\"https:\/\/www.unionwellswitchs.com\/wp-content\/uploads\/2025\/02\/G606-050K17E-K-T006--200x200.jpg 200w, https:\/\/www.unionwellswitchs.com\/wp-content\/uploads\/2025\/02\/G606-050K17E-K-T006--400x400.jpg 400w, https:\/\/www.unionwellswitchs.com\/wp-content\/uploads\/2025\/02\/G606-050K17E-K-T006-.jpg 600w\" data-sizes=\"auto\" \/><div class=\"fusion-rollover\">\n\t<div class=\"fusion-rollover-content\">\n\n\t\t\t\t\t\t\t\t\t\t\t\t\t\t<a class=\"fusion-rollover-link\" href=\"https:\/\/www.unionwellswitchs.com\/de\/produkt\/mikroschalter-aktuatoren-langer-lotanschluss\/\">Mikroschalter-Aktuatoren mit langem L\u00f6tanschluss G606<\/a>\n\t\t\t\n\t\t\t\t\t\t\t\t\n\t\t\n\t\t\t\t\t\t\t\t\t\t\t\t<h4 class=\"fusion-rollover-title\">\n\t\t\t\t\t<a class=\"fusion-rollover-title-link\" href=\"https:\/\/www.unionwellswitchs.com\/de\/produkt\/mikroschalter-aktuatoren-langer-lotanschluss\/\">\n\t\t\t\t\t\tMikroschalter-Aktuatoren mit langem L\u00f6tanschluss G606\t\t\t\t\t<\/a>\n\t\t\t\t<\/h4>\n\t\t\t\n\t\t\t\t\t\t\t\t\n\t\t\n\t\t\t\t\t\t<a class=\"fusion-link-wrapper\" href=\"https:\/\/www.unionwellswitchs.com\/de\/produkt\/mikroschalter-aktuatoren-langer-lotanschluss\/\" aria-label=\"Mikroschalter-Aktuatoren mit langem L\u00f6tanschluss G606\"><\/a>\n\t<\/div>\n<\/div>\n<\/div>\n<div class=\"fusion-portfolio-content\" style=\"background-color:rgba(255,255,255,0);\"><h2 class=\"entry-title fusion-post-title\"><a href=\"https:\/\/www.unionwellswitchs.com\/de\/produkt\/mikroschalter-aktuatoren-langer-lotanschluss\/\">Mikroschalter-Aktuatoren mit langem L\u00f6tanschluss G606<\/a><\/h2><div class=\"fusion-post-content\"><\/div><\/div><\/div><\/article><\/div><\/div><div class=\"fusion-clearfix\"><\/div><\/div><\/div><\/div><\/div>","protected":false},"excerpt":{"rendered":"","protected":false},"author":1,"featured_media":0,"parent":0,"menu_order":0,"comment_status":"closed","ping_status":"closed","template":"","meta":{"footnotes":""},"class_list":["post-8574","page","type-page","status-publish","hentry"],"_links":{"self":[{"href":"https:\/\/www.unionwellswitchs.com\/de\/wp-json\/wp\/v2\/pages\/8574","targetHints":{"allow":["GET"]}}],"collection":[{"href":"https:\/\/www.unionwellswitchs.com\/de\/wp-json\/wp\/v2\/pages"}],"about":[{"href":"https:\/\/www.unionwellswitchs.com\/de\/wp-json\/wp\/v2\/types\/page"}],"author":[{"embeddable":true,"href":"https:\/\/www.unionwellswitchs.com\/de\/wp-json\/wp\/v2\/users\/1"}],"replies":[{"embeddable":true,"href":"https:\/\/www.unionwellswitchs.com\/de\/wp-json\/wp\/v2\/comments?post=8574"}],"version-history":[{"count":4,"href":"https:\/\/www.unionwellswitchs.com\/de\/wp-json\/wp\/v2\/pages\/8574\/revisions"}],"predecessor-version":[{"id":9607,"href":"https:\/\/www.unionwellswitchs.com\/de\/wp-json\/wp\/v2\/pages\/8574\/revisions\/9607"}],"wp:attachment":[{"href":"https:\/\/www.unionwellswitchs.com\/de\/wp-json\/wp\/v2\/media?parent=8574"}],"curies":[{"name":"wp","href":"https:\/\/api.w.org\/{rel}","templated":true}]}}