{"id":9097,"date":"2025-02-19T08:27:37","date_gmt":"2025-02-19T08:27:37","guid":{"rendered":"https:\/\/www.unionwellswitchs.com\/?page_id=9097"},"modified":"2025-02-19T09:01:28","modified_gmt":"2025-02-19T09:01:28","slug":"turschalter-aus-zinklegierung","status":"publish","type":"page","link":"https:\/\/www.unionwellswitchs.com\/de\/turschalter-aus-zinklegierung\/","title":{"rendered":"T\u00fcrschalter aus Zinklegierung"},"content":{"rendered":"<div class=\"fusion-fullwidth fullwidth-box fusion-builder-row-1 nonhundred-percent-fullwidth non-hundred-percent-height-scrolling\" style=\"background-color: rgba(255,255,255,0);background-position: center center;background-repeat: no-repeat;padding-top:0px;padding-right:0px;padding-bottom:0px;padding-left:0px;margin-bottom: 0px;margin-top: 0px;border-width: 0px 0px 0px 0px;border-color:#eae9e9;border-style:solid;\" ><div class=\"fusion-builder-row fusion-row\"><div class=\"fusion-layout-column fusion_builder_column fusion-builder-column-0 fusion_builder_column_1_1 1_1 fusion-one-full fusion-column-first fusion-column-last\" style=\"margin-top:5px;margin-bottom:5px;\"><div class=\"fusion-column-wrapper fusion-flex-column-wrapper-legacy\" style=\"background-position:left top;background-repeat:no-repeat;-webkit-background-size:cover;-moz-background-size:cover;-o-background-size:cover;background-size:cover;padding: 0px 0px 0px 0px;\"><div class=\"fusion-sep-clear\"><\/div><div class=\"fusion-separator fusion-full-width-sep\" style=\"margin-left: auto;margin-right: auto;width:100%;\"><\/div><div class=\"fusion-sep-clear\"><\/div><div class=\"fusion-text fusion-text-1\"><p>Der Unionwell SWP T\u00fcr-Mikroschalter zeichnet sich durch folgende Spezifikationen und Merkmale aus:<\/p>\n<p>Nennstr\u00f6me: 0,25 A bei 250 V AC, 0,5 A bei 24 V DC<br \/>\nSicherheitszertifizierungen: Alle Produkte sind nach den wichtigsten globalen Sicherheitsstandards zertifiziert.<\/p>\n<p>Merkmale:<\/p>\n<p>Einhebelkonstruktion<br \/>\nKompakte Gr\u00f6\u00dfe<br \/>\nF\u00fcr lange Haltbarkeit konzipiert<br \/>\nUL-\/ENEC-Zulassung<\/p>\n<p>Anwendungen:<br \/>\nEs wird haupts\u00e4chlich zur Steuerung von Beleuchtung und L\u00fcftung in Haushaltsger\u00e4ten wie K\u00fchlschr\u00e4nken, Gefrierschr\u00e4nken und Klimaanlagen verwendet. Dar\u00fcber hinaus findet es breite Anwendung in der Leistungssteuerung von Mikrowellen, Sterilisationsschr\u00e4nken, Klimaanlagen und anderen elektrischen Haushaltsger\u00e4ten.<\/p>\n<\/div><div class=\"fusion-clearfix\"><\/div><\/div><\/div><div class=\"fusion-layout-column fusion_builder_column fusion-builder-column-1 fusion_builder_column_1_1 1_1 fusion-one-full fusion-column-first fusion-column-last\" style=\"margin-top:5px;margin-bottom:10px;\"><div class=\"fusion-column-wrapper fusion-flex-column-wrapper-legacy\" style=\"background-position:left top;background-repeat:no-repeat;-webkit-background-size:cover;-moz-background-size:cover;-o-background-size:cover;background-size:cover;border-radius:5px 5px 5px 5px;background-color:var(--awb-custom_color_1);border-radius:5px 5px 5px 5px;overflow:hidden;padding: 5px 0px 5px 10px;\"><style type=\"text\/css\"><\/style><div class=\"fusion-title title fusion-title-1 fusion-sep-none fusion-title-text fusion-title-size-two\" style=\"font-size:18px;margin-top:10px;margin-right:0px;margin-bottom:10px;margin-left:0px;\"><h2 class=\"title-heading-left\" style=\"margin:0;font-size:1em;\"><span style=\"color: #ffffff;\">T\u00fcrschalterprodukte aus Zinklegierung<\/span><\/h2><\/div><div class=\"fusion-clearfix\"><\/div><\/div><\/div><div class=\"fusion-layout-column fusion_builder_column fusion-builder-column-2 fusion_builder_column_1_1 1_1 fusion-one-full fusion-column-first fusion-column-last\" style=\"margin-top:5px;margin-bottom:5px;\"><div class=\"fusion-column-wrapper fusion-flex-column-wrapper-legacy\" style=\"background-position:left top;background-repeat:no-repeat;-webkit-background-size:cover;-moz-background-size:cover;-o-background-size:cover;background-size:cover;padding: 0px 0px 0px 0px;\"><div class=\"fusion-sep-clear\"><\/div><div class=\"fusion-separator fusion-full-width-sep\" style=\"margin-left: auto;margin-right: auto;width:100%;\"><\/div><div class=\"fusion-sep-clear\"><\/div><style type=\"text\/css\">.fusion-portfolio-wrapper#fusion-portfolio-1 .fusion-portfolio-content{ padding: 10px 10px 10px 10px; text-align: center; }<\/style><div class=\"fusion-recent-works fusion-portfolio-element fusion-portfolio fusion-portfolio-1 fusion-portfolio-grid fusion-portfolio-paging-pagination fusion-portfolio-four fusion-portfolio-boxed fusion-portfolio-text fusion-portfolio-equal-heights fusion-portfolio-rollover\" data-id=\"-rw-1\" data-columns=\"four\"><style type=\"text\/css\">.fusion-portfolio-1 .fusion-portfolio-wrapper .fusion-col-spacing{padding:5px;}<\/style><div class=\"fusion-portfolio-wrapper\" id=\"fusion-portfolio-1\" data-picturesize=\"auto\" data-pages=\"1\" style=\"margin:-5px;\"><article id=\"portfolio-1-post-8765\" class=\"fusion-portfolio-post zinc-alloy-door-switch fusion-col-spacing post-8765\"><div class=\"fusion-portfolio-content-wrapper\" style=\"border:1px solid #f2f3f5;border-bottom-width:3px;background-color:rgba(255,255,255,0);\"><span class=\"vcard rich-snippet-hidden\"><span class=\"fn\"><a href=\"https:\/\/www.unionwellswitchs.com\/de\/author\/grandyeadmin\/\" title=\"Beitr\u00e4ge von unionwellswitchs\" rel=\"author\">Unionwell-Schalter<\/a><\/span><\/span><span class=\"updated rich-snippet-hidden\">2026-02-24T09:20:50+00:00<\/span><div  class=\"fusion-image-wrapper\" aria-haspopup=\"true\">\n\t\t\t\t<img decoding=\"async\" width=\"600\" height=\"600\" src=\"https:\/\/www.unionwellswitchs.com\/wp-content\/uploads\/2025\/02\/g5d-900j05U-1.jpg\" class=\"attachment-full size-full lazyload wp-post-image\" alt=\"\" srcset=\"data:image\/svg+xml,%3Csvg%20xmlns%3D%27http%3A%2F%2Fwww.w3.org%2F2000%2Fsvg%27%20width%3D%27600%27%20height%3D%27600%27%20viewBox%3D%270%200%20600%20600%27%3E%3Crect%20width%3D%27600%27%20height%3D%27600%27%20fill-opacity%3D%220%22%2F%3E%3C%2Fsvg%3E\" data-orig-src=\"https:\/\/www.unionwellswitchs.com\/wp-content\/uploads\/2025\/02\/g5d-900j05U-1.jpg\" data-srcset=\"https:\/\/www.unionwellswitchs.com\/wp-content\/uploads\/2025\/02\/g5d-900j05U-1-200x200.jpg 200w, https:\/\/www.unionwellswitchs.com\/wp-content\/uploads\/2025\/02\/g5d-900j05U-1-400x400.jpg 400w, https:\/\/www.unionwellswitchs.com\/wp-content\/uploads\/2025\/02\/g5d-900j05U-1.jpg 600w\" data-sizes=\"auto\" \/><div class=\"fusion-rollover\">\n\t<div class=\"fusion-rollover-content\">\n\n\t\t\t\t\t\t\t\t\t\t\t\t\t\t<a class=\"fusion-rollover-link\" href=\"https:\/\/www.unionwellswitchs.com\/de\/produkt\/turschalter-aus-zinklegierung\/\">T\u00fcrschalter aus Zinklegierung<\/a>\n\t\t\t\n\t\t\t\t\t\t\t\t\n\t\t\n\t\t\t\t\t\t\t\t\t\t\t\t<h4 class=\"fusion-rollover-title\">\n\t\t\t\t\t<a class=\"fusion-rollover-title-link\" href=\"https:\/\/www.unionwellswitchs.com\/de\/produkt\/turschalter-aus-zinklegierung\/\">\n\t\t\t\t\t\tT\u00fcrschalter aus Zinklegierung\t\t\t\t\t<\/a>\n\t\t\t\t<\/h4>\n\t\t\t\n\t\t\t\t\t\t\t\t\n\t\t\n\t\t\t\t\t\t<a class=\"fusion-link-wrapper\" href=\"https:\/\/www.unionwellswitchs.com\/de\/produkt\/turschalter-aus-zinklegierung\/\" aria-label=\"T\u00fcrschalter aus Zinklegierung\"><\/a>\n\t<\/div>\n<\/div>\n<\/div>\n<div class=\"fusion-portfolio-content\" style=\"background-color:rgba(255,255,255,0);\"><h2 class=\"entry-title fusion-post-title\"><a href=\"https:\/\/www.unionwellswitchs.com\/de\/produkt\/turschalter-aus-zinklegierung\/\">T\u00fcrschalter aus Zinklegierung<\/a><\/h2><div class=\"fusion-post-content\"><\/div><\/div><\/div><\/article><article id=\"portfolio-1-post-8760\" class=\"fusion-portfolio-post zinc-alloy-door-switch fusion-col-spacing post-8760\"><div class=\"fusion-portfolio-content-wrapper\" style=\"border:1px solid #f2f3f5;border-bottom-width:3px;background-color:rgba(255,255,255,0);\"><span class=\"vcard rich-snippet-hidden\"><span class=\"fn\"><a href=\"https:\/\/www.unionwellswitchs.com\/de\/author\/grandyeadmin\/\" title=\"Beitr\u00e4ge von unionwellswitchs\" rel=\"author\">Unionwell-Schalter<\/a><\/span><\/span><span class=\"updated rich-snippet-hidden\">2026-02-24T09:21:02+00:00<\/span><div  class=\"fusion-image-wrapper\" aria-haspopup=\"true\">\n\t\t\t\t<img decoding=\"async\" width=\"600\" height=\"600\" src=\"https:\/\/www.unionwellswitchs.com\/wp-content\/uploads\/2025\/02\/G5DT16-E1Z1800F05-U.jpg\" class=\"attachment-full size-full lazyload wp-post-image\" alt=\"\" srcset=\"data:image\/svg+xml,%3Csvg%20xmlns%3D%27http%3A%2F%2Fwww.w3.org%2F2000%2Fsvg%27%20width%3D%27600%27%20height%3D%27600%27%20viewBox%3D%270%200%20600%20600%27%3E%3Crect%20width%3D%27600%27%20height%3D%27600%27%20fill-opacity%3D%220%22%2F%3E%3C%2Fsvg%3E\" data-orig-src=\"https:\/\/www.unionwellswitchs.com\/wp-content\/uploads\/2025\/02\/G5DT16-E1Z1800F05-U.jpg\" data-srcset=\"https:\/\/www.unionwellswitchs.com\/wp-content\/uploads\/2025\/02\/G5DT16-E1Z1800F05-U-200x200.jpg 200w, https:\/\/www.unionwellswitchs.com\/wp-content\/uploads\/2025\/02\/G5DT16-E1Z1800F05-U-400x400.jpg 400w, https:\/\/www.unionwellswitchs.com\/wp-content\/uploads\/2025\/02\/G5DT16-E1Z1800F05-U.jpg 600w\" data-sizes=\"auto\" \/><div class=\"fusion-rollover\">\n\t<div class=\"fusion-rollover-content\">\n\n\t\t\t\t\t\t\t\t\t\t\t\t\t\t<a class=\"fusion-rollover-link\" href=\"https:\/\/www.unionwellswitchs.com\/de\/produkt\/turschalter-rollhebel-aus-zinklegierung\/\">T\u00fcrschalter-Rollhebel aus Zinklegierung<\/a>\n\t\t\t\n\t\t\t\t\t\t\t\t\n\t\t\n\t\t\t\t\t\t\t\t\t\t\t\t<h4 class=\"fusion-rollover-title\">\n\t\t\t\t\t<a class=\"fusion-rollover-title-link\" href=\"https:\/\/www.unionwellswitchs.com\/de\/produkt\/turschalter-rollhebel-aus-zinklegierung\/\">\n\t\t\t\t\t\tT\u00fcrschalter-Rollhebel aus Zinklegierung\t\t\t\t\t<\/a>\n\t\t\t\t<\/h4>\n\t\t\t\n\t\t\t\t\t\t\t\t\n\t\t\n\t\t\t\t\t\t<a class=\"fusion-link-wrapper\" href=\"https:\/\/www.unionwellswitchs.com\/de\/produkt\/turschalter-rollhebel-aus-zinklegierung\/\" aria-label=\"T\u00fcrschalter-Rollhebel aus Zinklegierung\"><\/a>\n\t<\/div>\n<\/div>\n<\/div>\n<div class=\"fusion-portfolio-content\" style=\"background-color:rgba(255,255,255,0);\"><h2 class=\"entry-title fusion-post-title\"><a href=\"https:\/\/www.unionwellswitchs.com\/de\/produkt\/turschalter-rollhebel-aus-zinklegierung\/\">T\u00fcrschalter-Rollhebel aus Zinklegierung<\/a><\/h2><div class=\"fusion-post-content\"><\/div><\/div><\/div><\/article><article id=\"portfolio-1-post-8755\" class=\"fusion-portfolio-post zinc-alloy-door-switch fusion-col-spacing post-8755\"><div class=\"fusion-portfolio-content-wrapper\" style=\"border:1px solid #f2f3f5;border-bottom-width:3px;background-color:rgba(255,255,255,0);\"><span class=\"vcard rich-snippet-hidden\"><span class=\"fn\"><a href=\"https:\/\/www.unionwellswitchs.com\/de\/author\/grandyeadmin\/\" title=\"Beitr\u00e4ge von unionwellswitchs\" rel=\"author\">Unionwell-Schalter<\/a><\/span><\/span><span class=\"updated rich-snippet-hidden\">2026-02-24T09:21:16+00:00<\/span><div  class=\"fusion-image-wrapper\" aria-haspopup=\"true\">\n\t\t\t\t<img decoding=\"async\" width=\"600\" height=\"600\" src=\"https:\/\/www.unionwellswitchs.com\/wp-content\/uploads\/2025\/02\/G5DH22-C1Z1800F05-V.jpg\" class=\"attachment-full size-full lazyload wp-post-image\" alt=\"\" srcset=\"data:image\/svg+xml,%3Csvg%20xmlns%3D%27http%3A%2F%2Fwww.w3.org%2F2000%2Fsvg%27%20width%3D%27600%27%20height%3D%27600%27%20viewBox%3D%270%200%20600%20600%27%3E%3Crect%20width%3D%27600%27%20height%3D%27600%27%20fill-opacity%3D%220%22%2F%3E%3C%2Fsvg%3E\" data-orig-src=\"https:\/\/www.unionwellswitchs.com\/wp-content\/uploads\/2025\/02\/G5DH22-C1Z1800F05-V.jpg\" data-srcset=\"https:\/\/www.unionwellswitchs.com\/wp-content\/uploads\/2025\/02\/G5DH22-C1Z1800F05-V-200x200.jpg 200w, https:\/\/www.unionwellswitchs.com\/wp-content\/uploads\/2025\/02\/G5DH22-C1Z1800F05-V-400x400.jpg 400w, https:\/\/www.unionwellswitchs.com\/wp-content\/uploads\/2025\/02\/G5DH22-C1Z1800F05-V.jpg 600w\" data-sizes=\"auto\" \/><div class=\"fusion-rollover\">\n\t<div class=\"fusion-rollover-content\">\n\n\t\t\t\t\t\t\t\t\t\t\t\t\t\t<a class=\"fusion-rollover-link\" href=\"https:\/\/www.unionwellswitchs.com\/de\/produkt\/tur-mikroschalter-spdt-1800gf\/\">T\u00fcr-Mikroschalter SPDT 1800 gf<\/a>\n\t\t\t\n\t\t\t\t\t\t\t\t\n\t\t\n\t\t\t\t\t\t\t\t\t\t\t\t<h4 class=\"fusion-rollover-title\">\n\t\t\t\t\t<a class=\"fusion-rollover-title-link\" href=\"https:\/\/www.unionwellswitchs.com\/de\/produkt\/tur-mikroschalter-spdt-1800gf\/\">\n\t\t\t\t\t\tT\u00fcr-Mikroschalter SPDT 1800 gf\t\t\t\t\t<\/a>\n\t\t\t\t<\/h4>\n\t\t\t\n\t\t\t\t\t\t\t\t\n\t\t\n\t\t\t\t\t\t<a class=\"fusion-link-wrapper\" href=\"https:\/\/www.unionwellswitchs.com\/de\/produkt\/tur-mikroschalter-spdt-1800gf\/\" aria-label=\"T\u00fcr-Mikroschalter SPDT 1800 gf\"><\/a>\n\t<\/div>\n<\/div>\n<\/div>\n<div class=\"fusion-portfolio-content\" style=\"background-color:rgba(255,255,255,0);\"><h2 class=\"entry-title fusion-post-title\"><a href=\"https:\/\/www.unionwellswitchs.com\/de\/produkt\/tur-mikroschalter-spdt-1800gf\/\">T\u00fcr-Mikroschalter SPDT 1800 gf<\/a><\/h2><div class=\"fusion-post-content\"><\/div><\/div><\/div><\/article><article id=\"portfolio-1-post-8750\" class=\"fusion-portfolio-post hot-products zinc-alloy-door-switch fusion-col-spacing post-8750\"><div class=\"fusion-portfolio-content-wrapper\" style=\"border:1px solid #f2f3f5;border-bottom-width:3px;background-color:rgba(255,255,255,0);\"><span class=\"vcard rich-snippet-hidden\"><span class=\"fn\"><a href=\"https:\/\/www.unionwellswitchs.com\/de\/author\/grandyeadmin\/\" title=\"Beitr\u00e4ge von unionwellswitchs\" rel=\"author\">Unionwell-Schalter<\/a><\/span><\/span><span class=\"updated rich-snippet-hidden\">2026-02-24T09:21:31+00:00<\/span><div  class=\"fusion-image-wrapper\" aria-haspopup=\"true\">\n\t\t\t\t<img decoding=\"async\" width=\"600\" height=\"600\" src=\"https:\/\/www.unionwellswitchs.com\/wp-content\/uploads\/2025\/02\/G5DT16-001-600x600-1.jpg\" class=\"attachment-full size-full lazyload wp-post-image\" alt=\"\" srcset=\"data:image\/svg+xml,%3Csvg%20xmlns%3D%27http%3A%2F%2Fwww.w3.org%2F2000%2Fsvg%27%20width%3D%27600%27%20height%3D%27600%27%20viewBox%3D%270%200%20600%20600%27%3E%3Crect%20width%3D%27600%27%20height%3D%27600%27%20fill-opacity%3D%220%22%2F%3E%3C%2Fsvg%3E\" data-orig-src=\"https:\/\/www.unionwellswitchs.com\/wp-content\/uploads\/2025\/02\/G5DT16-001-600x600-1.jpg\" data-srcset=\"https:\/\/www.unionwellswitchs.com\/wp-content\/uploads\/2025\/02\/G5DT16-001-600x600-1-200x200.jpg 200w, https:\/\/www.unionwellswitchs.com\/wp-content\/uploads\/2025\/02\/G5DT16-001-600x600-1-400x400.jpg 400w, https:\/\/www.unionwellswitchs.com\/wp-content\/uploads\/2025\/02\/G5DT16-001-600x600-1.jpg 600w\" data-sizes=\"auto\" \/><div class=\"fusion-rollover\">\n\t<div class=\"fusion-rollover-content\">\n\n\t\t\t\t\t\t\t\t\t\t\t\t\t\t<a class=\"fusion-rollover-link\" href=\"https:\/\/www.unionwellswitchs.com\/de\/produkt\/mikrowellen-turschalter-austausch-masgefertigte-basis\/\">Mikrowellen-T\u00fcrschalter-Austausch, ma\u00dfgefertigte Basis<\/a>\n\t\t\t\n\t\t\t\t\t\t\t\t\n\t\t\n\t\t\t\t\t\t\t\t\t\t\t\t<h4 class=\"fusion-rollover-title\">\n\t\t\t\t\t<a class=\"fusion-rollover-title-link\" href=\"https:\/\/www.unionwellswitchs.com\/de\/produkt\/mikrowellen-turschalter-austausch-masgefertigte-basis\/\">\n\t\t\t\t\t\tMikrowellen-T\u00fcrschalter-Austausch, ma\u00dfgefertigte Basis\t\t\t\t\t<\/a>\n\t\t\t\t<\/h4>\n\t\t\t\n\t\t\t\t\t\t\t\t\n\t\t\n\t\t\t\t\t\t<a class=\"fusion-link-wrapper\" href=\"https:\/\/www.unionwellswitchs.com\/de\/produkt\/mikrowellen-turschalter-austausch-masgefertigte-basis\/\" aria-label=\"Mikrowellen-T\u00fcrschalter-Austausch, ma\u00dfgefertigte Basis\"><\/a>\n\t<\/div>\n<\/div>\n<\/div>\n<div class=\"fusion-portfolio-content\" style=\"background-color:rgba(255,255,255,0);\"><h2 class=\"entry-title fusion-post-title\"><a href=\"https:\/\/www.unionwellswitchs.com\/de\/produkt\/mikrowellen-turschalter-austausch-masgefertigte-basis\/\">Mikrowellen-T\u00fcrschalter-Austausch, ma\u00dfgefertigte Basis<\/a><\/h2><div class=\"fusion-post-content\"><\/div><\/div><\/div><\/article><article id=\"portfolio-1-post-8745\" class=\"fusion-portfolio-post zinc-alloy-door-switch fusion-col-spacing post-8745\"><div class=\"fusion-portfolio-content-wrapper\" style=\"border:1px solid #f2f3f5;border-bottom-width:3px;background-color:rgba(255,255,255,0);\"><span class=\"vcard rich-snippet-hidden\"><span class=\"fn\"><a href=\"https:\/\/www.unionwellswitchs.com\/de\/author\/grandyeadmin\/\" title=\"Beitr\u00e4ge von unionwellswitchs\" rel=\"author\">Unionwell-Schalter<\/a><\/span><\/span><span class=\"updated rich-snippet-hidden\">2026-02-24T09:21:48+00:00<\/span><div  class=\"fusion-image-wrapper\" aria-haspopup=\"true\">\n\t\t\t\t<img decoding=\"async\" width=\"600\" height=\"600\" src=\"https:\/\/www.unionwellswitchs.com\/wp-content\/uploads\/2025\/02\/G5DH22-C1Z1800F05-U.jpg\" class=\"attachment-full size-full lazyload wp-post-image\" alt=\"\" srcset=\"data:image\/svg+xml,%3Csvg%20xmlns%3D%27http%3A%2F%2Fwww.w3.org%2F2000%2Fsvg%27%20width%3D%27600%27%20height%3D%27600%27%20viewBox%3D%270%200%20600%20600%27%3E%3Crect%20width%3D%27600%27%20height%3D%27600%27%20fill-opacity%3D%220%22%2F%3E%3C%2Fsvg%3E\" data-orig-src=\"https:\/\/www.unionwellswitchs.com\/wp-content\/uploads\/2025\/02\/G5DH22-C1Z1800F05-U.jpg\" data-srcset=\"https:\/\/www.unionwellswitchs.com\/wp-content\/uploads\/2025\/02\/G5DH22-C1Z1800F05-U-200x200.jpg 200w, https:\/\/www.unionwellswitchs.com\/wp-content\/uploads\/2025\/02\/G5DH22-C1Z1800F05-U-400x400.jpg 400w, https:\/\/www.unionwellswitchs.com\/wp-content\/uploads\/2025\/02\/G5DH22-C1Z1800F05-U.jpg 600w\" data-sizes=\"auto\" \/><div class=\"fusion-rollover\">\n\t<div class=\"fusion-rollover-content\">\n\n\t\t\t\t\t\t\t\t\t\t\t\t\t\t<a class=\"fusion-rollover-link\" href=\"https:\/\/www.unionwellswitchs.com\/de\/produkt\/tur-mikroschalter-1800gf-rollenhebel\/\">T\u00fcr-Mikroschalter 1800gf Rollenhebel<\/a>\n\t\t\t\n\t\t\t\t\t\t\t\t\n\t\t\n\t\t\t\t\t\t\t\t\t\t\t\t<h4 class=\"fusion-rollover-title\">\n\t\t\t\t\t<a class=\"fusion-rollover-title-link\" href=\"https:\/\/www.unionwellswitchs.com\/de\/produkt\/tur-mikroschalter-1800gf-rollenhebel\/\">\n\t\t\t\t\t\tT\u00fcr-Mikroschalter 1800gf Rollenhebel\t\t\t\t\t<\/a>\n\t\t\t\t<\/h4>\n\t\t\t\n\t\t\t\t\t\t\t\t\n\t\t\n\t\t\t\t\t\t<a class=\"fusion-link-wrapper\" href=\"https:\/\/www.unionwellswitchs.com\/de\/produkt\/tur-mikroschalter-1800gf-rollenhebel\/\" aria-label=\"T\u00fcr-Mikroschalter 1800gf Rollenhebel\"><\/a>\n\t<\/div>\n<\/div>\n<\/div>\n<div class=\"fusion-portfolio-content\" style=\"background-color:rgba(255,255,255,0);\"><h2 class=\"entry-title fusion-post-title\"><a href=\"https:\/\/www.unionwellswitchs.com\/de\/produkt\/tur-mikroschalter-1800gf-rollenhebel\/\">T\u00fcr-Mikroschalter 1800gf Rollenhebel<\/a><\/h2><div class=\"fusion-post-content\"><\/div><\/div><\/div><\/article><article id=\"portfolio-1-post-8739\" class=\"fusion-portfolio-post zinc-alloy-door-switch fusion-col-spacing post-8739\"><div class=\"fusion-portfolio-content-wrapper\" style=\"border:1px solid #f2f3f5;border-bottom-width:3px;background-color:rgba(255,255,255,0);\"><span class=\"vcard rich-snippet-hidden\"><span class=\"fn\"><a href=\"https:\/\/www.unionwellswitchs.com\/de\/author\/grandyeadmin\/\" title=\"Beitr\u00e4ge von unionwellswitchs\" rel=\"author\">Unionwell-Schalter<\/a><\/span><\/span><span class=\"updated rich-snippet-hidden\">2026-02-24T09:22:04+00:00<\/span><div  class=\"fusion-image-wrapper\" aria-haspopup=\"true\">\n\t\t\t\t<img decoding=\"async\" width=\"600\" height=\"600\" src=\"https:\/\/www.unionwellswitchs.com\/wp-content\/uploads\/2025\/02\/G5DT16-E1Z1800F05-U-2.jpg\" class=\"attachment-full size-full lazyload wp-post-image\" alt=\"\" srcset=\"data:image\/svg+xml,%3Csvg%20xmlns%3D%27http%3A%2F%2Fwww.w3.org%2F2000%2Fsvg%27%20width%3D%27600%27%20height%3D%27600%27%20viewBox%3D%270%200%20600%20600%27%3E%3Crect%20width%3D%27600%27%20height%3D%27600%27%20fill-opacity%3D%220%22%2F%3E%3C%2Fsvg%3E\" data-orig-src=\"https:\/\/www.unionwellswitchs.com\/wp-content\/uploads\/2025\/02\/G5DT16-E1Z1800F05-U-2.jpg\" data-srcset=\"https:\/\/www.unionwellswitchs.com\/wp-content\/uploads\/2025\/02\/G5DT16-E1Z1800F05-U-2-200x200.jpg 200w, https:\/\/www.unionwellswitchs.com\/wp-content\/uploads\/2025\/02\/G5DT16-E1Z1800F05-U-2-400x400.jpg 400w, https:\/\/www.unionwellswitchs.com\/wp-content\/uploads\/2025\/02\/G5DT16-E1Z1800F05-U-2.jpg 600w\" data-sizes=\"auto\" \/><div class=\"fusion-rollover\">\n\t<div class=\"fusion-rollover-content\">\n\n\t\t\t\t\t\t\t\t\t\t\t\t\t\t<a class=\"fusion-rollover-link\" href=\"https:\/\/www.unionwellswitchs.com\/de\/produkt\/turschalter-aus-zinklegierung-typ-t125\/\">T\u00fcrschalter aus Zinklegierung, Typ T125<\/a>\n\t\t\t\n\t\t\t\t\t\t\t\t\n\t\t\n\t\t\t\t\t\t\t\t\t\t\t\t<h4 class=\"fusion-rollover-title\">\n\t\t\t\t\t<a class=\"fusion-rollover-title-link\" href=\"https:\/\/www.unionwellswitchs.com\/de\/produkt\/turschalter-aus-zinklegierung-typ-t125\/\">\n\t\t\t\t\t\tT\u00fcrschalter aus Zinklegierung, Typ T125\t\t\t\t\t<\/a>\n\t\t\t\t<\/h4>\n\t\t\t\n\t\t\t\t\t\t\t\t\n\t\t\n\t\t\t\t\t\t<a class=\"fusion-link-wrapper\" href=\"https:\/\/www.unionwellswitchs.com\/de\/produkt\/turschalter-aus-zinklegierung-typ-t125\/\" aria-label=\"T\u00fcrschalter aus Zinklegierung, Typ T125\"><\/a>\n\t<\/div>\n<\/div>\n<\/div>\n<div class=\"fusion-portfolio-content\" style=\"background-color:rgba(255,255,255,0);\"><h2 class=\"entry-title fusion-post-title\"><a href=\"https:\/\/www.unionwellswitchs.com\/de\/produkt\/turschalter-aus-zinklegierung-typ-t125\/\">T\u00fcrschalter aus Zinklegierung, Typ T125<\/a><\/h2><div class=\"fusion-post-content\"><\/div><\/div><\/div><\/article><\/div><\/div><div class=\"fusion-clearfix\"><\/div><\/div><\/div><\/div><\/div>","protected":false},"excerpt":{"rendered":"","protected":false},"author":1,"featured_media":0,"parent":0,"menu_order":0,"comment_status":"closed","ping_status":"closed","template":"","meta":{"footnotes":""},"class_list":["post-9097","page","type-page","status-publish","hentry"],"_links":{"self":[{"href":"https:\/\/www.unionwellswitchs.com\/de\/wp-json\/wp\/v2\/pages\/9097","targetHints":{"allow":["GET"]}}],"collection":[{"href":"https:\/\/www.unionwellswitchs.com\/de\/wp-json\/wp\/v2\/pages"}],"about":[{"href":"https:\/\/www.unionwellswitchs.com\/de\/wp-json\/wp\/v2\/types\/page"}],"author":[{"embeddable":true,"href":"https:\/\/www.unionwellswitchs.com\/de\/wp-json\/wp\/v2\/users\/1"}],"replies":[{"embeddable":true,"href":"https:\/\/www.unionwellswitchs.com\/de\/wp-json\/wp\/v2\/comments?post=9097"}],"version-history":[{"count":2,"href":"https:\/\/www.unionwellswitchs.com\/de\/wp-json\/wp\/v2\/pages\/9097\/revisions"}],"predecessor-version":[{"id":9099,"href":"https:\/\/www.unionwellswitchs.com\/de\/wp-json\/wp\/v2\/pages\/9097\/revisions\/9099"}],"wp:attachment":[{"href":"https:\/\/www.unionwellswitchs.com\/de\/wp-json\/wp\/v2\/media?parent=9097"}],"curies":[{"name":"wp","href":"https:\/\/api.w.org\/{rel}","templated":true}]}}