{"id":8580,"date":"2025-02-13T09:30:10","date_gmt":"2025-02-13T09:30:10","guid":{"rendered":"https:\/\/www.unionwellswitchs.com\/?page_id=8580"},"modified":"2025-02-27T03:50:39","modified_gmt":"2025-02-27T03:50:39","slug":"microinterruptor-ultraminiatura-g15","status":"publish","type":"page","link":"https:\/\/www.unionwellswitchs.com\/es\/microinterruptor-ultraminiatura-g15\/","title":{"rendered":"Microinterruptor ultraminiatura (G15)"},"content":{"rendered":"<p><div class=\"fusion-fullwidth fullwidth-box fusion-builder-row-1 nonhundred-percent-fullwidth non-hundred-percent-height-scrolling\" style=\"background-color: rgba(255,255,255,0);background-position: center center;background-repeat: no-repeat;padding-top:0px;padding-right:0px;padding-bottom:0px;padding-left:0px;margin-bottom: 0px;margin-top: 0px;border-width: 0px 0px 0px 0px;border-color:#eae9e9;border-style:solid;\" ><div class=\"fusion-builder-row fusion-row\"><div class=\"fusion-layout-column fusion_builder_column fusion-builder-column-0 fusion_builder_column_1_1 1_1 fusion-one-full fusion-column-first fusion-column-last\" style=\"margin-top:5px;margin-bottom:5px;\"><div class=\"fusion-column-wrapper fusion-flex-column-wrapper-legacy\" style=\"background-position:left top;background-repeat:no-repeat;-webkit-background-size:cover;-moz-background-size:cover;-o-background-size:cover;background-size:cover;padding: 0px 0px 0px 0px;\"><style type=\"text\/css\"><\/style><div class=\"fusion-title title fusion-title-1 fusion-sep-none fusion-title-text fusion-title-size-two\" style=\"font-size:25px;margin-top:10px;margin-right:0px;margin-bottom:10px;margin-left:0px;\"><h2 class=\"title-heading-left\" style=\"margin:0;font-size:1em;\">Microinterruptor ultraminiatura G15<\/h2><\/div><div class=\"fusion-text fusion-text-1\"><p>Ultraminiatura, ancho de 2,7 mm, carga de corriente nominal de 0,1 A a 1 A. Construcci\u00f3n de placa de resorte de alta precisi\u00f3n para lograr una conmutaci\u00f3n r\u00e1pida, larga vida \u00fatil y excelente textura t\u00e1ctil. Estructura de terminales de moldeo integrada que evita que el fundente se disperse. M\u00faltiples opciones de palancas met\u00e1licas para usar en el dise\u00f1o de la estructura del producto. La vida mec\u00e1nica supera 1 mill\u00f3n de ciclos, versi\u00f3n de mayor vida \u00fatil disponible a pedido. Cumple con los requisitos de ROSH.<\/p>\n<\/div><div class=\"fusion-sep-clear\"><\/div><div class=\"fusion-separator fusion-full-width-sep\" style=\"margin-left: auto;margin-right: auto;width:100%;\"><\/div><div class=\"fusion-sep-clear\"><\/div><style type=\"text\/css\"><\/style><div class=\"fusion-title title fusion-title-2 fusion-sep-none fusion-title-text fusion-title-size-two\" style=\"font-size:25px;margin-top:10px;margin-right:0px;margin-bottom:10px;margin-left:0px;\"><h2 class=\"title-heading-left\" style=\"margin:0;font-size:1em;\">Par\u00e1metros del microinterruptor ultraminiatura G15<\/h2><\/div><div class=\"fusion-text fusion-text-2\"><table border=\"1\" width=\"800\" cellspacing=\"5\" cellpadding=\"5\">\n<tbody>\n<tr>\n<td colspan=\"2\" width=\"273\">Clasificaci\u00f3n<\/td>\n<td width=\"462\">0,1 A, 125\/250 V CA; 3 A\/12 V CC; 0,1 A\/48 V CC; \u03bc 1E5<\/td>\n<\/tr>\n<tr>\n<td rowspan=\"2\" width=\"162\">Frecuencia de operaci\u00f3n<\/td>\n<td width=\"111\">El\u00e9ctrico<\/td>\n<td width=\"462\">0,1 A, 120 ciclos\/min 3 A, 10~30 ciclos\/min<\/td>\n<\/tr>\n<tr>\n<td width=\"111\">Mec\u00e1nico<\/td>\n<td width=\"462\">120 ciclos\/min<\/td>\n<\/tr>\n<tr>\n<td colspan=\"2\" width=\"273\">Resistencia de contacto (Iniciativa)<\/td>\n<td width=\"462\">100 m\u03a9 m\u00e1x. (sin tipo de cable)<\/td>\n<\/tr>\n<tr>\n<td colspan=\"2\" width=\"273\">Resistencia de aislamiento (a 500 VCC)<\/td>\n<td width=\"462\">100 M\u03a9 M\u00ednimo.<\/td>\n<\/tr>\n<tr>\n<td colspan=\"2\" width=\"273\">Durabilidad de la vibraci\u00f3n<\/td>\n<td width=\"462\">10~55 Hz, movimiento 0,75 mm (pp)<\/td>\n<\/tr>\n<tr>\n<td colspan=\"2\" width=\"273\">Rigidez diel\u00e9ctrica<\/td>\n<td width=\"462\">500 V CA (50 ~ 60 Hz)<\/td>\n<\/tr>\n<tr>\n<td colspan=\"2\" width=\"273\">Temperatura de funcionamiento<\/td>\n<td width=\"462\">-40\u2103~+85\u2103<\/td>\n<\/tr>\n<tr>\n<td colspan=\"2\" width=\"273\">Humedad de funcionamiento<\/td>\n<td width=\"462\">85%RH M\u00e1x.<\/td>\n<\/tr>\n<tr>\n<td rowspan=\"2\" width=\"162\">Vida \u00fatil<\/td>\n<td width=\"111\">El\u00e9ctrico<\/td>\n<td width=\"462\">M\u00ednimo 100.000 ciclos (depende del n\u00famero de pieza)<\/td>\n<\/tr>\n<tr>\n<td width=\"111\">Mec\u00e1nico<\/td>\n<td width=\"462\">M\u00ednimo 500.000 ciclos<\/td>\n<\/tr>\n<\/tbody>\n<\/table>\n<\/div><div class=\"fusion-sep-clear\"><\/div><div class=\"fusion-separator fusion-full-width-sep\" style=\"margin-left: auto;margin-right: auto;width:100%;\"><\/div><div class=\"fusion-sep-clear\"><\/div><div class=\"fusion-clearfix\"><\/div><\/div><\/div><\/div><\/div><div class=\"fusion-fullwidth fullwidth-box fusion-builder-row-2 nonhundred-percent-fullwidth non-hundred-percent-height-scrolling\" style=\"background-color: rgba(255,255,255,0);background-position: center center;background-repeat: no-repeat;padding-top:0px;padding-right:0px;padding-bottom:0px;padding-left:0px;margin-bottom: 0px;margin-top: 0px;border-width: 0px 0px 0px 0px;border-color:#eae9e9;border-style:solid;\" ><div class=\"fusion-builder-row fusion-row\"><div class=\"fusion-layout-column fusion_builder_column fusion-builder-column-1 fusion_builder_column_1_2 1_2 fusion-one-half fusion-column-first\" style=\"width:50%;width:calc(50% - ( ( 4% ) * 0.5 ) );margin-right: 4%;margin-top:5px;margin-bottom:5px;\"><div class=\"fusion-column-wrapper fusion-flex-column-wrapper-legacy\" style=\"background-position:left top;background-repeat:no-repeat;-webkit-background-size:cover;-moz-background-size:cover;-o-background-size:cover;background-size:cover;padding: 0px 0px 0px 0px;\"><div class=\"fusion-text fusion-text-3\"><p><img decoding=\"async\" class=\"lazyload alignleft wp-image-9194 size-full\" src=\"https:\/\/www.unionwellswitchs.com\/wp-content\/uploads\/2025\/02\/201906100922029648023.gif\" data-orig-src=\"https:\/\/www.unionwellswitchs.com\/wp-content\/uploads\/2025\/02\/201906100922029648023.gif\" alt=\"\" width=\"98\" height=\"98\" srcset=\"data:image\/svg+xml,%3Csvg%20xmlns%3D%27http%3A%2F%2Fwww.w3.org%2F2000%2Fsvg%27%20width%3D%2798%27%20height%3D%2798%27%20viewBox%3D%270%200%2098%2098%27%3E%3Crect%20width%3D%2798%27%20height%3D%2798%27%20fill-opacity%3D%220%22%2F%3E%3C%2Fsvg%3E\" data-srcset=\"https:\/\/www.unionwellswitchs.com\/wp-content\/uploads\/2025\/02\/201906100922029648023-66x66.gif 66w, https:\/\/www.unionwellswitchs.com\/wp-content\/uploads\/2025\/02\/201906100922029648023.gif 98w\" data-sizes=\"auto\" data-orig-sizes=\"(max-width: 98px) 100vw, 98px\" \/><br \/><a href=\"https:\/\/www.unionwellswitchs.com\/wp-content\/uploads\/2025\/02\/Ultra-Miniature-Micro-Switch-G15E.pdf\" target=\"_blank\" rel=\"noopener\">Microinterruptor ultraminiatura serie G15E<\/a><\/p>\n<\/div><div class=\"fusion-clearfix\"><\/div><\/div><\/div><div class=\"fusion-layout-column fusion_builder_column fusion-builder-column-2 fusion_builder_column_1_2 1_2 fusion-one-half fusion-column-last\" style=\"width:50%;width:calc(50% - ( ( 4% ) * 0.5 ) );margin-top:5px;margin-bottom:5px;\"><div class=\"fusion-column-wrapper fusion-flex-column-wrapper-legacy\" style=\"background-position:left top;background-repeat:no-repeat;-webkit-background-size:cover;-moz-background-size:cover;-o-background-size:cover;background-size:cover;padding: 0px 0px 0px 0px;\"><div class=\"fusion-text fusion-text-4\"><p><img decoding=\"async\" class=\"lazyload alignleft wp-image-9194 size-full\" src=\"https:\/\/www.unionwellswitchs.com\/wp-content\/uploads\/2025\/02\/201906100922029648023.gif\" data-orig-src=\"https:\/\/www.unionwellswitchs.com\/wp-content\/uploads\/2025\/02\/201906100922029648023.gif\" alt=\"\" width=\"98\" height=\"98\" srcset=\"data:image\/svg+xml,%3Csvg%20xmlns%3D%27http%3A%2F%2Fwww.w3.org%2F2000%2Fsvg%27%20width%3D%2798%27%20height%3D%2798%27%20viewBox%3D%270%200%2098%2098%27%3E%3Crect%20width%3D%2798%27%20height%3D%2798%27%20fill-opacity%3D%220%22%2F%3E%3C%2Fsvg%3E\" data-srcset=\"https:\/\/www.unionwellswitchs.com\/wp-content\/uploads\/2025\/02\/201906100922029648023-66x66.gif 66w, https:\/\/www.unionwellswitchs.com\/wp-content\/uploads\/2025\/02\/201906100922029648023.gif 98w\" data-sizes=\"auto\" data-orig-sizes=\"(max-width: 98px) 100vw, 98px\" \/><br \/><a href=\"https:\/\/www.unionwellswitchs.com\/wp-content\/uploads\/2025\/02\/Ultra-Miniature-Micro-Switch-G15D.pdf\" target=\"_blank\" rel=\"noopener\">Microinterruptor ultraminiatura serie G15D<\/a><\/p>\n<\/div><div class=\"fusion-clearfix\"><\/div><\/div><\/div><\/div><\/div><div class=\"fusion-fullwidth fullwidth-box fusion-builder-row-3 nonhundred-percent-fullwidth non-hundred-percent-height-scrolling\" style=\"background-color: rgba(255,255,255,0);background-position: center center;background-repeat: no-repeat;padding-top:0px;padding-right:0px;padding-bottom:0px;padding-left:0px;margin-bottom: 0px;margin-top: 0px;border-width: 0px 0px 0px 0px;border-color:#eae9e9;border-style:solid;\" ><div class=\"fusion-builder-row fusion-row\"><div class=\"fusion-layout-column fusion_builder_column fusion-builder-column-3 fusion_builder_column_1_1 1_1 fusion-one-full fusion-column-first fusion-column-last\" style=\"margin-top:5px;margin-bottom:5px;\"><div class=\"fusion-column-wrapper fusion-flex-column-wrapper-legacy\" style=\"background-position:left top;background-repeat:no-repeat;-webkit-background-size:cover;-moz-background-size:cover;-o-background-size:cover;background-size:cover;padding: 0px 0px 0px 0px;\"><div class=\"fusion-sep-clear\"><\/div><div class=\"fusion-separator fusion-full-width-sep\" style=\"margin-left: auto;margin-right: auto;width:100%;\"><\/div><div class=\"fusion-sep-clear\"><\/div><style type=\"text\/css\"><\/style><div class=\"fusion-title title fusion-title-3 fusion-sep-none fusion-title-text fusion-title-size-two\" style=\"font-size:25px;margin-top:10px;margin-right:0px;margin-bottom:10px;margin-left:0px;\"><h2 class=\"title-heading-left\" style=\"margin:0;font-size:1em;\">Productos de microinterruptor G15<\/h2><\/div><style type=\"text\/css\">.fusion-portfolio-wrapper#fusion-portfolio-1 .fusion-portfolio-content{ padding: 10px 10px 10px 10px; text-align: center; }<\/style><div class=\"fusion-recent-works fusion-portfolio-element fusion-portfolio fusion-portfolio-1 fusion-portfolio-grid fusion-portfolio-paging-pagination fusion-portfolio-four fusion-portfolio-boxed fusion-portfolio-text fusion-portfolio-equal-heights fusion-portfolio-rollover\" data-id=\"-rw-1\" data-columns=\"four\"><style type=\"text\/css\">.fusion-portfolio-1 .fusion-portfolio-wrapper .fusion-col-spacing{padding:5px;}<\/style><div class=\"fusion-portfolio-wrapper\" id=\"fusion-portfolio-1\" data-picturesize=\"auto\" data-pages=\"1\" style=\"margin:-5px;\"><article id=\"portfolio-1-post-8510\" class=\"fusion-portfolio-post ultra-miniature-micro-switch-g15 fusion-col-spacing post-8510\"><div class=\"fusion-portfolio-content-wrapper\" style=\"border:1px solid #f2f3f5;border-bottom-width:3px;background-color:rgba(255,255,255,0);\"><span class=\"vcard rich-snippet-hidden\"><span class=\"fn\"><a href=\"https:\/\/www.unionwellswitchs.com\/es\/author\/grandyeadmin\/\" title=\"Entradas de unionwellswitchs\" rel=\"author\">interruptores unionwell<\/a><\/span><\/span><span class=\"updated rich-snippet-hidden\">2026-02-25T03:06:19+00:00<\/span><div  class=\"fusion-image-wrapper\" aria-haspopup=\"true\">\n\t\t\t\t<img decoding=\"async\" width=\"500\" height=\"500\" src=\"https:\/\/www.unionwellswitchs.com\/wp-content\/uploads\/2025\/02\/G15D.jpg\" class=\"attachment-full size-full lazyload wp-post-image\" alt=\"\" srcset=\"data:image\/svg+xml,%3Csvg%20xmlns%3D%27http%3A%2F%2Fwww.w3.org%2F2000%2Fsvg%27%20width%3D%27500%27%20height%3D%27500%27%20viewBox%3D%270%200%20500%20500%27%3E%3Crect%20width%3D%27500%27%20height%3D%27500%27%20fill-opacity%3D%220%22%2F%3E%3C%2Fsvg%3E\" data-orig-src=\"https:\/\/www.unionwellswitchs.com\/wp-content\/uploads\/2025\/02\/G15D.jpg\" data-srcset=\"https:\/\/www.unionwellswitchs.com\/wp-content\/uploads\/2025\/02\/G15D-200x200.jpg 200w, https:\/\/www.unionwellswitchs.com\/wp-content\/uploads\/2025\/02\/G15D-400x400.jpg 400w, https:\/\/www.unionwellswitchs.com\/wp-content\/uploads\/2025\/02\/G15D.jpg 500w\" data-sizes=\"auto\" \/><div class=\"fusion-rollover\">\n\t<div class=\"fusion-rollover-content\">\n\n\t\t\t\t\t\t\t\t\t\t\t\t\t\t<a class=\"fusion-rollover-link\" href=\"https:\/\/www.unionwellswitchs.com\/es\/producto\/microinterruptor-miniatura-con-palanca-de-rodillo-g15d\/\">Microinterruptor miniatura con palanca de rodillo G15D<\/a>\n\t\t\t\n\t\t\t\t\t\t\t\t\n\t\t\n\t\t\t\t\t\t\t\t\t\t\t\t<h4 class=\"fusion-rollover-title\">\n\t\t\t\t\t<a class=\"fusion-rollover-title-link\" href=\"https:\/\/www.unionwellswitchs.com\/es\/producto\/microinterruptor-miniatura-con-palanca-de-rodillo-g15d\/\">\n\t\t\t\t\t\tMicrointerruptor miniatura con palanca de rodillo G15D\t\t\t\t\t<\/a>\n\t\t\t\t<\/h4>\n\t\t\t\n\t\t\t\t\t\t\t\t\n\t\t\n\t\t\t\t\t\t<a class=\"fusion-link-wrapper\" href=\"https:\/\/www.unionwellswitchs.com\/es\/producto\/microinterruptor-miniatura-con-palanca-de-rodillo-g15d\/\" aria-label=\"Microinterruptor miniatura con palanca de rodillo G15D\"><\/a>\n\t<\/div>\n<\/div>\n<\/div>\n<div class=\"fusion-portfolio-content\" style=\"background-color:rgba(255,255,255,0);\"><h2 class=\"entry-title fusion-post-title\"><a href=\"https:\/\/www.unionwellswitchs.com\/es\/producto\/microinterruptor-miniatura-con-palanca-de-rodillo-g15d\/\">Microinterruptor miniatura con palanca de rodillo G15D<\/a><\/h2><div class=\"fusion-post-content\"><\/div><\/div><\/div><\/article><article id=\"portfolio-1-post-8506\" class=\"fusion-portfolio-post ultra-miniature-micro-switch-g15 fusion-col-spacing post-8506\"><div class=\"fusion-portfolio-content-wrapper\" style=\"border:1px solid #f2f3f5;border-bottom-width:3px;background-color:rgba(255,255,255,0);\"><span class=\"vcard rich-snippet-hidden\"><span class=\"fn\"><a href=\"https:\/\/www.unionwellswitchs.com\/es\/author\/grandyeadmin\/\" title=\"Entradas de unionwellswitchs\" rel=\"author\">interruptores unionwell<\/a><\/span><\/span><span class=\"updated rich-snippet-hidden\">2026-02-25T03:06:07+00:00<\/span><div  class=\"fusion-image-wrapper\" aria-haspopup=\"true\">\n\t\t\t\t<img decoding=\"async\" width=\"500\" height=\"500\" src=\"https:\/\/www.unionwellswitchs.com\/wp-content\/uploads\/2025\/02\/G15D-2.jpg\" class=\"attachment-full size-full lazyload wp-post-image\" alt=\"\" srcset=\"data:image\/svg+xml,%3Csvg%20xmlns%3D%27http%3A%2F%2Fwww.w3.org%2F2000%2Fsvg%27%20width%3D%27500%27%20height%3D%27500%27%20viewBox%3D%270%200%20500%20500%27%3E%3Crect%20width%3D%27500%27%20height%3D%27500%27%20fill-opacity%3D%220%22%2F%3E%3C%2Fsvg%3E\" data-orig-src=\"https:\/\/www.unionwellswitchs.com\/wp-content\/uploads\/2025\/02\/G15D-2.jpg\" data-srcset=\"https:\/\/www.unionwellswitchs.com\/wp-content\/uploads\/2025\/02\/G15D-2-200x200.jpg 200w, https:\/\/www.unionwellswitchs.com\/wp-content\/uploads\/2025\/02\/G15D-2-400x400.jpg 400w, https:\/\/www.unionwellswitchs.com\/wp-content\/uploads\/2025\/02\/G15D-2.jpg 500w\" data-sizes=\"auto\" \/><div class=\"fusion-rollover\">\n\t<div class=\"fusion-rollover-content\">\n\n\t\t\t\t\t\t\t\t\t\t\t\t\t\t<a class=\"fusion-rollover-link\" href=\"https:\/\/www.unionwellswitchs.com\/es\/producto\/microinterruptor-pequeno-con-palanca-de-rodillo-metalico-g15d\/\">Microinterruptor peque\u00f1o con palanca de rodillo de metal G15D<\/a>\n\t\t\t\n\t\t\t\t\t\t\t\t\n\t\t\n\t\t\t\t\t\t\t\t\t\t\t\t<h4 class=\"fusion-rollover-title\">\n\t\t\t\t\t<a class=\"fusion-rollover-title-link\" href=\"https:\/\/www.unionwellswitchs.com\/es\/producto\/microinterruptor-pequeno-con-palanca-de-rodillo-metalico-g15d\/\">\n\t\t\t\t\t\tMicrointerruptor peque\u00f1o con palanca de rodillo de metal G15D\t\t\t\t\t<\/a>\n\t\t\t\t<\/h4>\n\t\t\t\n\t\t\t\t\t\t\t\t\n\t\t\n\t\t\t\t\t\t<a class=\"fusion-link-wrapper\" href=\"https:\/\/www.unionwellswitchs.com\/es\/producto\/microinterruptor-pequeno-con-palanca-de-rodillo-metalico-g15d\/\" aria-label=\"Microinterruptor peque\u00f1o con palanca de rodillo de metal G15D\"><\/a>\n\t<\/div>\n<\/div>\n<\/div>\n<div class=\"fusion-portfolio-content\" style=\"background-color:rgba(255,255,255,0);\"><h2 class=\"entry-title fusion-post-title\"><a href=\"https:\/\/www.unionwellswitchs.com\/es\/producto\/microinterruptor-pequeno-con-palanca-de-rodillo-metalico-g15d\/\">Microinterruptor peque\u00f1o con palanca de rodillo de metal G15D<\/a><\/h2><div class=\"fusion-post-content\"><\/div><\/div><\/div><\/article><article id=\"portfolio-1-post-8502\" class=\"fusion-portfolio-post ultra-miniature-micro-switch-g15 fusion-col-spacing post-8502\"><div class=\"fusion-portfolio-content-wrapper\" style=\"border:1px solid #f2f3f5;border-bottom-width:3px;background-color:rgba(255,255,255,0);\"><span class=\"vcard rich-snippet-hidden\"><span class=\"fn\"><a href=\"https:\/\/www.unionwellswitchs.com\/es\/author\/grandyeadmin\/\" title=\"Entradas de unionwellswitchs\" rel=\"author\">interruptores unionwell<\/a><\/span><\/span><span class=\"updated rich-snippet-hidden\">2026-02-25T03:05:55+00:00<\/span><div  class=\"fusion-image-wrapper\" aria-haspopup=\"true\">\n\t\t\t\t<img decoding=\"async\" width=\"500\" height=\"500\" src=\"https:\/\/www.unionwellswitchs.com\/wp-content\/uploads\/2025\/02\/G15D-3-1.jpg\" class=\"attachment-full size-full lazyload wp-post-image\" alt=\"\" srcset=\"data:image\/svg+xml,%3Csvg%20xmlns%3D%27http%3A%2F%2Fwww.w3.org%2F2000%2Fsvg%27%20width%3D%27500%27%20height%3D%27500%27%20viewBox%3D%270%200%20500%20500%27%3E%3Crect%20width%3D%27500%27%20height%3D%27500%27%20fill-opacity%3D%220%22%2F%3E%3C%2Fsvg%3E\" data-orig-src=\"https:\/\/www.unionwellswitchs.com\/wp-content\/uploads\/2025\/02\/G15D-3-1.jpg\" data-srcset=\"https:\/\/www.unionwellswitchs.com\/wp-content\/uploads\/2025\/02\/G15D-3-1-200x200.jpg 200w, https:\/\/www.unionwellswitchs.com\/wp-content\/uploads\/2025\/02\/G15D-3-1-400x400.jpg 400w, https:\/\/www.unionwellswitchs.com\/wp-content\/uploads\/2025\/02\/G15D-3-1.jpg 500w\" data-sizes=\"auto\" \/><div class=\"fusion-rollover\">\n\t<div class=\"fusion-rollover-content\">\n\n\t\t\t\t\t\t\t\t\t\t\t\t\t\t<a class=\"fusion-rollover-link\" href=\"https:\/\/www.unionwellswitchs.com\/es\/producto\/microinterruptor-ultra-mini-con-palanca-metalica-g15d\/\">Microinterruptor ultramini con palanca met\u00e1lica G15D<\/a>\n\t\t\t\n\t\t\t\t\t\t\t\t\n\t\t\n\t\t\t\t\t\t\t\t\t\t\t\t<h4 class=\"fusion-rollover-title\">\n\t\t\t\t\t<a class=\"fusion-rollover-title-link\" href=\"https:\/\/www.unionwellswitchs.com\/es\/producto\/microinterruptor-ultra-mini-con-palanca-metalica-g15d\/\">\n\t\t\t\t\t\tMicrointerruptor ultramini con palanca met\u00e1lica G15D\t\t\t\t\t<\/a>\n\t\t\t\t<\/h4>\n\t\t\t\n\t\t\t\t\t\t\t\t\n\t\t\n\t\t\t\t\t\t<a class=\"fusion-link-wrapper\" href=\"https:\/\/www.unionwellswitchs.com\/es\/producto\/microinterruptor-ultra-mini-con-palanca-metalica-g15d\/\" aria-label=\"Microinterruptor ultramini con palanca met\u00e1lica G15D\"><\/a>\n\t<\/div>\n<\/div>\n<\/div>\n<div class=\"fusion-portfolio-content\" style=\"background-color:rgba(255,255,255,0);\"><h2 class=\"entry-title fusion-post-title\"><a href=\"https:\/\/www.unionwellswitchs.com\/es\/producto\/microinterruptor-ultra-mini-con-palanca-metalica-g15d\/\">Microinterruptor ultramini con palanca met\u00e1lica G15D<\/a><\/h2><div class=\"fusion-post-content\"><\/div><\/div><\/div><\/article><article id=\"portfolio-1-post-8494\" class=\"fusion-portfolio-post ultra-miniature-micro-switch-g15 fusion-col-spacing post-8494\"><div class=\"fusion-portfolio-content-wrapper\" style=\"border:1px solid #f2f3f5;border-bottom-width:3px;background-color:rgba(255,255,255,0);\"><span class=\"vcard rich-snippet-hidden\"><span class=\"fn\"><a href=\"https:\/\/www.unionwellswitchs.com\/es\/author\/grandyeadmin\/\" title=\"Entradas de unionwellswitchs\" rel=\"author\">interruptores unionwell<\/a><\/span><\/span><span class=\"updated rich-snippet-hidden\">2026-02-25T03:05:41+00:00<\/span><div  class=\"fusion-image-wrapper\" aria-haspopup=\"true\">\n\t\t\t\t<img decoding=\"async\" width=\"500\" height=\"500\" src=\"https:\/\/www.unionwellswitchs.com\/wp-content\/uploads\/2025\/02\/21-3-1.jpg\" class=\"attachment-full size-full lazyload wp-post-image\" alt=\"\" srcset=\"data:image\/svg+xml,%3Csvg%20xmlns%3D%27http%3A%2F%2Fwww.w3.org%2F2000%2Fsvg%27%20width%3D%27500%27%20height%3D%27500%27%20viewBox%3D%270%200%20500%20500%27%3E%3Crect%20width%3D%27500%27%20height%3D%27500%27%20fill-opacity%3D%220%22%2F%3E%3C%2Fsvg%3E\" data-orig-src=\"https:\/\/www.unionwellswitchs.com\/wp-content\/uploads\/2025\/02\/21-3-1.jpg\" data-srcset=\"https:\/\/www.unionwellswitchs.com\/wp-content\/uploads\/2025\/02\/21-3-1-200x200.jpg 200w, https:\/\/www.unionwellswitchs.com\/wp-content\/uploads\/2025\/02\/21-3-1-400x400.jpg 400w, https:\/\/www.unionwellswitchs.com\/wp-content\/uploads\/2025\/02\/21-3-1.jpg 500w\" data-sizes=\"auto\" \/><div class=\"fusion-rollover\">\n\t<div class=\"fusion-rollover-content\">\n\n\t\t\t\t\t\t\t\t\t\t\t\t\t\t<a class=\"fusion-rollover-link\" href=\"https:\/\/www.unionwellswitchs.com\/es\/producto\/microinterruptor-ultra-mini-con-base-blanca\/\">Microinterruptor ultramini con base blanca<\/a>\n\t\t\t\n\t\t\t\t\t\t\t\t\n\t\t\n\t\t\t\t\t\t\t\t\t\t\t\t<h4 class=\"fusion-rollover-title\">\n\t\t\t\t\t<a class=\"fusion-rollover-title-link\" href=\"https:\/\/www.unionwellswitchs.com\/es\/producto\/microinterruptor-ultra-mini-con-base-blanca\/\">\n\t\t\t\t\t\tMicrointerruptor ultramini con base blanca\t\t\t\t\t<\/a>\n\t\t\t\t<\/h4>\n\t\t\t\n\t\t\t\t\t\t\t\t\n\t\t\n\t\t\t\t\t\t<a class=\"fusion-link-wrapper\" href=\"https:\/\/www.unionwellswitchs.com\/es\/producto\/microinterruptor-ultra-mini-con-base-blanca\/\" aria-label=\"Microinterruptor ultramini con base blanca\"><\/a>\n\t<\/div>\n<\/div>\n<\/div>\n<div class=\"fusion-portfolio-content\" style=\"background-color:rgba(255,255,255,0);\"><h2 class=\"entry-title fusion-post-title\"><a href=\"https:\/\/www.unionwellswitchs.com\/es\/producto\/microinterruptor-ultra-mini-con-base-blanca\/\">Microinterruptor ultramini con base blanca<\/a><\/h2><div class=\"fusion-post-content\"><\/div><\/div><\/div><\/article><article id=\"portfolio-1-post-8489\" class=\"fusion-portfolio-post ultra-miniature-micro-switch-g15 fusion-col-spacing post-8489\"><div class=\"fusion-portfolio-content-wrapper\" style=\"border:1px solid #f2f3f5;border-bottom-width:3px;background-color:rgba(255,255,255,0);\"><span class=\"vcard rich-snippet-hidden\"><span class=\"fn\"><a href=\"https:\/\/www.unionwellswitchs.com\/es\/author\/grandyeadmin\/\" title=\"Entradas de unionwellswitchs\" rel=\"author\">interruptores unionwell<\/a><\/span><\/span><span class=\"updated rich-snippet-hidden\">2026-02-25T03:05:30+00:00<\/span><div  class=\"fusion-image-wrapper\" aria-haspopup=\"true\">\n\t\t\t\t<img decoding=\"async\" width=\"500\" height=\"500\" src=\"https:\/\/www.unionwellswitchs.com\/wp-content\/uploads\/2025\/02\/22.jpg\" class=\"attachment-full size-full lazyload wp-post-image\" alt=\"\" srcset=\"data:image\/svg+xml,%3Csvg%20xmlns%3D%27http%3A%2F%2Fwww.w3.org%2F2000%2Fsvg%27%20width%3D%27500%27%20height%3D%27500%27%20viewBox%3D%270%200%20500%20500%27%3E%3Crect%20width%3D%27500%27%20height%3D%27500%27%20fill-opacity%3D%220%22%2F%3E%3C%2Fsvg%3E\" data-orig-src=\"https:\/\/www.unionwellswitchs.com\/wp-content\/uploads\/2025\/02\/22.jpg\" data-srcset=\"https:\/\/www.unionwellswitchs.com\/wp-content\/uploads\/2025\/02\/22-200x200.jpg 200w, https:\/\/www.unionwellswitchs.com\/wp-content\/uploads\/2025\/02\/22-400x400.jpg 400w, https:\/\/www.unionwellswitchs.com\/wp-content\/uploads\/2025\/02\/22.jpg 500w\" data-sizes=\"auto\" \/><div class=\"fusion-rollover\">\n\t<div class=\"fusion-rollover-content\">\n\n\t\t\t\t\t\t\t\t\t\t\t\t\t\t<a class=\"fusion-rollover-link\" href=\"https:\/\/www.unionwellswitchs.com\/es\/producto\/microinterruptores-ultraminiatura-g15e\/\">Microinterruptores ultraminiatura G15E<\/a>\n\t\t\t\n\t\t\t\t\t\t\t\t\n\t\t\n\t\t\t\t\t\t\t\t\t\t\t\t<h4 class=\"fusion-rollover-title\">\n\t\t\t\t\t<a class=\"fusion-rollover-title-link\" href=\"https:\/\/www.unionwellswitchs.com\/es\/producto\/microinterruptores-ultraminiatura-g15e\/\">\n\t\t\t\t\t\tMicrointerruptores ultraminiatura G15E\t\t\t\t\t<\/a>\n\t\t\t\t<\/h4>\n\t\t\t\n\t\t\t\t\t\t\t\t\n\t\t\n\t\t\t\t\t\t<a class=\"fusion-link-wrapper\" href=\"https:\/\/www.unionwellswitchs.com\/es\/producto\/microinterruptores-ultraminiatura-g15e\/\" aria-label=\"Microinterruptores ultraminiatura G15E\"><\/a>\n\t<\/div>\n<\/div>\n<\/div>\n<div class=\"fusion-portfolio-content\" style=\"background-color:rgba(255,255,255,0);\"><h2 class=\"entry-title fusion-post-title\"><a href=\"https:\/\/www.unionwellswitchs.com\/es\/producto\/microinterruptores-ultraminiatura-g15e\/\">Microinterruptores ultraminiatura G15E<\/a><\/h2><div class=\"fusion-post-content\"><\/div><\/div><\/div><\/article><\/div><\/div><div class=\"fusion-clearfix\"><\/div><\/div><\/div><\/div><\/div><\/p>","protected":false},"excerpt":{"rendered":"","protected":false},"author":1,"featured_media":0,"parent":0,"menu_order":0,"comment_status":"closed","ping_status":"closed","template":"","meta":{"footnotes":""},"class_list":["post-8580","page","type-page","status-publish","hentry"],"_links":{"self":[{"href":"https:\/\/www.unionwellswitchs.com\/es\/wp-json\/wp\/v2\/pages\/8580","targetHints":{"allow":["GET"]}}],"collection":[{"href":"https:\/\/www.unionwellswitchs.com\/es\/wp-json\/wp\/v2\/pages"}],"about":[{"href":"https:\/\/www.unionwellswitchs.com\/es\/wp-json\/wp\/v2\/types\/page"}],"author":[{"embeddable":true,"href":"https:\/\/www.unionwellswitchs.com\/es\/wp-json\/wp\/v2\/users\/1"}],"replies":[{"embeddable":true,"href":"https:\/\/www.unionwellswitchs.com\/es\/wp-json\/wp\/v2\/comments?post=8580"}],"version-history":[{"count":4,"href":"https:\/\/www.unionwellswitchs.com\/es\/wp-json\/wp\/v2\/pages\/8580\/revisions"}],"predecessor-version":[{"id":9594,"href":"https:\/\/www.unionwellswitchs.com\/es\/wp-json\/wp\/v2\/pages\/8580\/revisions\/9594"}],"wp:attachment":[{"href":"https:\/\/www.unionwellswitchs.com\/es\/wp-json\/wp\/v2\/media?parent=8580"}],"curies":[{"name":"wp","href":"https:\/\/api.w.org\/{rel}","templated":true}]}}