{"id":9171,"date":"2025-02-20T05:48:08","date_gmt":"2025-02-20T05:48:08","guid":{"rendered":"https:\/\/www.unionwellswitchs.com\/?page_id=9171"},"modified":"2025-02-27T03:31:12","modified_gmt":"2025-02-27T03:31:12","slug":"interruptor-giratorio-oscilante-g16","status":"publish","type":"page","link":"https:\/\/www.unionwellswitchs.com\/es\/interruptor-giratorio-oscilante-g16\/","title":{"rendered":"Interruptor giratorio oscilante (G16)"},"content":{"rendered":"<div class=\"fusion-fullwidth fullwidth-box fusion-builder-row-1 nonhundred-percent-fullwidth non-hundred-percent-height-scrolling\" style=\"background-color: rgba(255,255,255,0);background-position: center center;background-repeat: no-repeat;padding-top:0px;padding-right:0px;padding-bottom:0px;padding-left:0px;margin-bottom: 0px;margin-top: 0px;border-width: 0px 0px 0px 0px;border-color:#eae9e9;border-style:solid;\" ><div class=\"fusion-builder-row fusion-row\"><div class=\"fusion-layout-column fusion_builder_column fusion-builder-column-0 fusion_builder_column_1_1 1_1 fusion-one-full fusion-column-first fusion-column-last\" style=\"margin-top:5px;margin-bottom:5px;\"><div class=\"fusion-column-wrapper fusion-flex-column-wrapper-legacy\" style=\"background-position:left top;background-repeat:no-repeat;-webkit-background-size:cover;-moz-background-size:cover;-o-background-size:cover;background-size:cover;padding: 0px 0px 0px 0px;\"><div class=\"fusion-sep-clear\"><\/div><div class=\"fusion-separator fusion-full-width-sep\" style=\"margin-left: auto;margin-right: auto;width:100%;\"><\/div><div class=\"fusion-sep-clear\"><\/div><div class=\"fusion-text fusion-text-1\"><p>El interruptor giratorio oscilante (G16) est\u00e1 dise\u00f1ado para impermeabilidad IP67 y resistencia al polvo IP64. Cuenta con terminales de PCB y terminales de soldadura. Puede elegir entre estos terminales. Unionwell ofrece soluciones de microinterruptores personalizadas.<br \/>\nEl interruptor es de tama\u00f1o mini para usarse en espacios reducidos. Su exclusivo dise\u00f1o de conducci\u00f3n bidireccional y su alta confiabilidad lo convierten en un producto de renombre en el mercado de accesorios para autom\u00f3viles.<\/p>\n<\/div><div class=\"fusion-text fusion-text-2\"><p><img decoding=\"async\" class=\"lazyload alignleft wp-image-9194 size-full\" src=\"https:\/\/www.unionwellswitchs.com\/wp-content\/uploads\/2025\/02\/201906100922029648023.gif\" data-orig-src=\"https:\/\/www.unionwellswitchs.com\/wp-content\/uploads\/2025\/02\/201906100922029648023.gif\" alt=\"\" width=\"98\" height=\"98\" srcset=\"data:image\/svg+xml,%3Csvg%20xmlns%3D%27http%3A%2F%2Fwww.w3.org%2F2000%2Fsvg%27%20width%3D%2798%27%20height%3D%2798%27%20viewBox%3D%270%200%2098%2098%27%3E%3Crect%20width%3D%2798%27%20height%3D%2798%27%20fill-opacity%3D%220%22%2F%3E%3C%2Fsvg%3E\" data-srcset=\"https:\/\/www.unionwellswitchs.com\/wp-content\/uploads\/2025\/02\/201906100922029648023-66x66.gif 66w, https:\/\/www.unionwellswitchs.com\/wp-content\/uploads\/2025\/02\/201906100922029648023.gif 98w\" data-sizes=\"auto\" data-orig-sizes=\"(max-width: 98px) 100vw, 98px\" \/><br \/>\n<a href=\"https:\/\/www.unionwellswitchs.com\/wp-content\/uploads\/2025\/02\/Waterproof-Swing-Rotary-Switch-G16-Series-PDF.pdf\" target=\"_blank\" rel=\"noopener\">Interruptor giratorio oscilante serie G16.pdf<\/a><\/p>\n<\/div><div class=\"fusion-clearfix\"><\/div><\/div><\/div><div class=\"fusion-layout-column fusion_builder_column fusion-builder-column-1 fusion_builder_column_1_1 1_1 fusion-one-full fusion-column-first fusion-column-last\" style=\"margin-top:5px;margin-bottom:10px;\"><div class=\"fusion-column-wrapper fusion-flex-column-wrapper-legacy\" style=\"background-position:left top;background-repeat:no-repeat;-webkit-background-size:cover;-moz-background-size:cover;-o-background-size:cover;background-size:cover;border-radius:5px 5px 5px 5px;background-color:var(--awb-custom_color_1);border-radius:5px 5px 5px 5px;overflow:hidden;padding: 5px 0px 5px 10px;\"><style type=\"text\/css\"><\/style><div class=\"fusion-title title fusion-title-1 fusion-sep-none fusion-title-text fusion-title-size-two\" style=\"font-size:18px;margin-top:10px;margin-right:0px;margin-bottom:10px;margin-left:0px;\"><h2 class=\"title-heading-left\" style=\"margin:0;font-size:1em;\"><span style=\"color: #ffffff;\">Productos de interruptores giratorios oscilantes (G16)<\/span><\/h2><\/div><div class=\"fusion-clearfix\"><\/div><\/div><\/div><div class=\"fusion-layout-column fusion_builder_column fusion-builder-column-2 fusion_builder_column_1_1 1_1 fusion-one-full fusion-column-first fusion-column-last\" style=\"margin-top:5px;margin-bottom:5px;\"><div class=\"fusion-column-wrapper fusion-flex-column-wrapper-legacy\" style=\"background-position:left top;background-repeat:no-repeat;-webkit-background-size:cover;-moz-background-size:cover;-o-background-size:cover;background-size:cover;padding: 0px 0px 0px 0px;\"><div class=\"fusion-sep-clear\"><\/div><div class=\"fusion-separator fusion-full-width-sep\" style=\"margin-left: auto;margin-right: auto;width:100%;\"><\/div><div class=\"fusion-sep-clear\"><\/div><div class=\"fusion-clearfix\"><\/div><\/div><\/div><\/div><\/div>","protected":false},"excerpt":{"rendered":"","protected":false},"author":1,"featured_media":0,"parent":0,"menu_order":0,"comment_status":"closed","ping_status":"closed","template":"","meta":{"footnotes":""},"class_list":["post-9171","page","type-page","status-publish","hentry"],"_links":{"self":[{"href":"https:\/\/www.unionwellswitchs.com\/es\/wp-json\/wp\/v2\/pages\/9171","targetHints":{"allow":["GET"]}}],"collection":[{"href":"https:\/\/www.unionwellswitchs.com\/es\/wp-json\/wp\/v2\/pages"}],"about":[{"href":"https:\/\/www.unionwellswitchs.com\/es\/wp-json\/wp\/v2\/types\/page"}],"author":[{"embeddable":true,"href":"https:\/\/www.unionwellswitchs.com\/es\/wp-json\/wp\/v2\/users\/1"}],"replies":[{"embeddable":true,"href":"https:\/\/www.unionwellswitchs.com\/es\/wp-json\/wp\/v2\/comments?post=9171"}],"version-history":[{"count":5,"href":"https:\/\/www.unionwellswitchs.com\/es\/wp-json\/wp\/v2\/pages\/9171\/revisions"}],"predecessor-version":[{"id":9589,"href":"https:\/\/www.unionwellswitchs.com\/es\/wp-json\/wp\/v2\/pages\/9171\/revisions\/9589"}],"wp:attachment":[{"href":"https:\/\/www.unionwellswitchs.com\/es\/wp-json\/wp\/v2\/media?parent=9171"}],"curies":[{"name":"wp","href":"https:\/\/api.w.org\/{rel}","templated":true}]}}