{"id":9229,"date":"2025-02-21T04:00:05","date_gmt":"2025-02-21T04:00:05","guid":{"rendered":"https:\/\/www.unionwellswitchs.com\/?page_id=9229"},"modified":"2025-02-28T03:05:09","modified_gmt":"2025-02-28T03:05:09","slug":"interruptor-de-boton-pulsador","status":"publish","type":"page","link":"https:\/\/www.unionwellswitchs.com\/es\/interruptor-de-boton-pulsador\/","title":{"rendered":"Interruptor de bot\u00f3n pulsador"},"content":{"rendered":"<div class=\"fusion-fullwidth fullwidth-box fusion-builder-row-1 nonhundred-percent-fullwidth non-hundred-percent-height-scrolling\" style=\"background-color: rgba(255,255,255,0);background-position: center center;background-repeat: no-repeat;padding-top:0px;padding-right:0px;padding-bottom:0px;padding-left:0px;margin-bottom: 0px;margin-top: 0px;border-width: 0px 0px 0px 0px;border-color:#eae9e9;border-style:solid;\" ><div class=\"fusion-builder-row fusion-row\"><div class=\"fusion-layout-column fusion_builder_column fusion-builder-column-0 fusion_builder_column_1_1 1_1 fusion-one-full fusion-column-first fusion-column-last\" style=\"margin-top:5px;margin-bottom:5px;\"><div class=\"fusion-column-wrapper fusion-flex-column-wrapper-legacy\" style=\"background-position:left top;background-repeat:no-repeat;-webkit-background-size:cover;-moz-background-size:cover;-o-background-size:cover;background-size:cover;padding: 0px 0px 0px 0px;\"><div class=\"fusion-sep-clear\"><\/div><div class=\"fusion-separator fusion-full-width-sep\" style=\"margin-left: auto;margin-right: auto;width:100%;\"><\/div><div class=\"fusion-sep-clear\"><\/div><div class=\"fusion-text fusion-text-1\"><p>El <a href=\"https:\/\/www.unionwellswitchs.com\/es\/interruptor-deslizante-de-coche-sellado-g304\/\">G304<\/a> El microinterruptor est\u00e1 dise\u00f1ado espec\u00edficamente para ser impermeable (IP67), lo que lo hace ideal para su uso en diversos entornos donde la humedad podr\u00eda ser un problema. Su tama\u00f1o compacto permite una f\u00e1cil integraci\u00f3n en diferentes dispositivos, mientras que su larga vida \u00fatil y alta fiabilidad garantizan un rendimiento constante a lo largo del tiempo. Disponible en varios mangos y terminales, el G304 ofrece flexibilidad para diversas aplicaciones. Adem\u00e1s, cuenta con certificaciones de seguridad globales que avalan su calidad y fiabilidad. Ampliamente utilizado en electr\u00f3nica automotriz, electrodom\u00e9sticos y controles industriales, el microinterruptor G304 es un componente fiable para numerosas industrias.<\/p>\n<\/div><div class=\"fusion-sep-clear\"><\/div><div class=\"fusion-separator fusion-full-width-sep\" style=\"margin-left: auto;margin-right: auto;width:100%;\"><\/div><div class=\"fusion-sep-clear\"><\/div><div class=\"fusion-text fusion-text-2\"><p><img decoding=\"async\" class=\"lazyload alignleft wp-image-9194 size-full\" src=\"https:\/\/www.unionwellswitchs.com\/wp-content\/uploads\/2025\/02\/201906100922029648023.gif\" data-orig-src=\"https:\/\/www.unionwellswitchs.com\/wp-content\/uploads\/2025\/02\/201906100922029648023.gif\" alt=\"\" width=\"98\" height=\"98\" srcset=\"data:image\/svg+xml,%3Csvg%20xmlns%3D%27http%3A%2F%2Fwww.w3.org%2F2000%2Fsvg%27%20width%3D%2798%27%20height%3D%2798%27%20viewBox%3D%270%200%2098%2098%27%3E%3Crect%20width%3D%2798%27%20height%3D%2798%27%20fill-opacity%3D%220%22%2F%3E%3C%2Fsvg%3E\" data-srcset=\"https:\/\/www.unionwellswitchs.com\/wp-content\/uploads\/2025\/02\/201906100922029648023-66x66.gif 66w, https:\/\/www.unionwellswitchs.com\/wp-content\/uploads\/2025\/02\/201906100922029648023.gif 98w\" data-sizes=\"auto\" data-orig-sizes=\"(max-width: 98px) 100vw, 98px\" \/><br \/>\n<a href=\"https:\/\/www.unionwellswitchs.com\/wp-content\/uploads\/2025\/02\/Subminiature-Push-Button-Switch-G25.pdf\" target=\"_blank\" rel=\"noopener\">Interruptor pulsador serie G25.pdf<\/a><\/p>\n<\/div><div class=\"fusion-sep-clear\"><\/div><div class=\"fusion-separator fusion-full-width-sep\" style=\"margin-left: auto;margin-right: auto;width:100%;\"><\/div><div class=\"fusion-sep-clear\"><\/div><div class=\"fusion-clearfix\"><\/div><\/div><\/div><div class=\"fusion-layout-column fusion_builder_column fusion-builder-column-1 fusion_builder_column_1_1 1_1 fusion-one-full fusion-column-first fusion-column-last\" style=\"margin-top:5px;margin-bottom:10px;\"><div class=\"fusion-column-wrapper fusion-flex-column-wrapper-legacy\" style=\"background-position:left top;background-repeat:no-repeat;-webkit-background-size:cover;-moz-background-size:cover;-o-background-size:cover;background-size:cover;border-radius:5px 5px 5px 5px;background-color:var(--awb-custom_color_1);border-radius:5px 5px 5px 5px;overflow:hidden;padding: 5px 0px 5px 10px;\"><style type=\"text\/css\"><\/style><div class=\"fusion-title title fusion-title-1 fusion-sep-none fusion-title-text fusion-title-size-two\" style=\"font-size:18px;margin-top:10px;margin-right:0px;margin-bottom:10px;margin-left:0px;\"><h2 class=\"title-heading-left\" style=\"margin:0;font-size:1em;\"><span style=\"color: #ffffff;\">Productos de interruptores de bot\u00f3n pulsador<\/span><\/h2><\/div><div class=\"fusion-clearfix\"><\/div><\/div><\/div><div class=\"fusion-layout-column fusion_builder_column fusion-builder-column-2 fusion_builder_column_1_1 1_1 fusion-one-full fusion-column-first fusion-column-last\" style=\"margin-top:5px;margin-bottom:5px;\"><div class=\"fusion-column-wrapper fusion-flex-column-wrapper-legacy\" style=\"background-position:left top;background-repeat:no-repeat;-webkit-background-size:cover;-moz-background-size:cover;-o-background-size:cover;background-size:cover;padding: 0px 0px 0px 0px;\"><div class=\"fusion-sep-clear\"><\/div><div class=\"fusion-separator fusion-full-width-sep\" style=\"margin-left: auto;margin-right: auto;width:100%;\"><\/div><div class=\"fusion-sep-clear\"><\/div><style type=\"text\/css\">.fusion-portfolio-wrapper#fusion-portfolio-1 .fusion-portfolio-content{ padding: 10px 10px 10px 10px; text-align: center; }<\/style><div class=\"fusion-recent-works fusion-portfolio-element fusion-portfolio fusion-portfolio-1 fusion-portfolio-grid fusion-portfolio-paging-pagination fusion-portfolio-four fusion-portfolio-boxed fusion-portfolio-text fusion-portfolio-equal-heights fusion-portfolio-rollover\" data-id=\"-rw-1\" data-columns=\"four\"><style type=\"text\/css\">.fusion-portfolio-1 .fusion-portfolio-wrapper .fusion-col-spacing{padding:5px;}<\/style><div class=\"fusion-portfolio-wrapper\" id=\"fusion-portfolio-1\" data-picturesize=\"auto\" data-pages=\"1\" style=\"margin:-5px;\"><article id=\"portfolio-1-post-8913\" class=\"fusion-portfolio-post push-button-switch fusion-col-spacing post-8913\"><div class=\"fusion-portfolio-content-wrapper\" style=\"border:1px solid #f2f3f5;border-bottom-width:3px;background-color:rgba(255,255,255,0);\"><span class=\"vcard rich-snippet-hidden\"><span class=\"fn\"><a href=\"https:\/\/www.unionwellswitchs.com\/es\/author\/grandyeadmin\/\" title=\"Entradas de unionwellswitchs\" rel=\"author\">interruptores unionwell<\/a><\/span><\/span><span class=\"updated rich-snippet-hidden\">2026-02-24T09:00:55+00:00<\/span><div  class=\"fusion-image-wrapper\" aria-haspopup=\"true\">\n\t\t\t\t<img decoding=\"async\" width=\"600\" height=\"600\" src=\"https:\/\/www.unionwellswitchs.com\/wp-content\/uploads\/2025\/02\/G25-2112U-1-600x600-1.jpg\" class=\"attachment-full size-full lazyload wp-post-image\" alt=\"\" srcset=\"data:image\/svg+xml,%3Csvg%20xmlns%3D%27http%3A%2F%2Fwww.w3.org%2F2000%2Fsvg%27%20width%3D%27600%27%20height%3D%27600%27%20viewBox%3D%270%200%20600%20600%27%3E%3Crect%20width%3D%27600%27%20height%3D%27600%27%20fill-opacity%3D%220%22%2F%3E%3C%2Fsvg%3E\" data-orig-src=\"https:\/\/www.unionwellswitchs.com\/wp-content\/uploads\/2025\/02\/G25-2112U-1-600x600-1.jpg\" data-srcset=\"https:\/\/www.unionwellswitchs.com\/wp-content\/uploads\/2025\/02\/G25-2112U-1-600x600-1-200x200.jpg 200w, https:\/\/www.unionwellswitchs.com\/wp-content\/uploads\/2025\/02\/G25-2112U-1-600x600-1-400x400.jpg 400w, https:\/\/www.unionwellswitchs.com\/wp-content\/uploads\/2025\/02\/G25-2112U-1-600x600-1.jpg 600w\" data-sizes=\"auto\" \/><div class=\"fusion-rollover\">\n\t<div class=\"fusion-rollover-content\">\n\n\t\t\t\t\t\t\t\t\t\t\t\t\t\t<a class=\"fusion-rollover-link\" href=\"https:\/\/www.unionwellswitchs.com\/es\/producto\/interruptores-pulsadores-de-alta-fiabilidad-de-contacto\/\">Interruptores pulsadores de alta confiabilidad de contacto<\/a>\n\t\t\t\n\t\t\t\t\t\t\t\t\n\t\t\n\t\t\t\t\t\t\t\t\t\t\t\t<h4 class=\"fusion-rollover-title\">\n\t\t\t\t\t<a class=\"fusion-rollover-title-link\" href=\"https:\/\/www.unionwellswitchs.com\/es\/producto\/interruptores-pulsadores-de-alta-fiabilidad-de-contacto\/\">\n\t\t\t\t\t\tInterruptores pulsadores de alta confiabilidad de contacto\t\t\t\t\t<\/a>\n\t\t\t\t<\/h4>\n\t\t\t\n\t\t\t\t\t\t\t\t\n\t\t\n\t\t\t\t\t\t<a class=\"fusion-link-wrapper\" href=\"https:\/\/www.unionwellswitchs.com\/es\/producto\/interruptores-pulsadores-de-alta-fiabilidad-de-contacto\/\" aria-label=\"Interruptores pulsadores de alta confiabilidad de contacto\"><\/a>\n\t<\/div>\n<\/div>\n<\/div>\n<div class=\"fusion-portfolio-content\" style=\"background-color:rgba(255,255,255,0);\"><h2 class=\"entry-title fusion-post-title\"><a href=\"https:\/\/www.unionwellswitchs.com\/es\/producto\/interruptores-pulsadores-de-alta-fiabilidad-de-contacto\/\">Interruptores pulsadores de alta confiabilidad de contacto<\/a><\/h2><div class=\"fusion-post-content\"><\/div><\/div><\/div><\/article><article id=\"portfolio-1-post-8909\" class=\"fusion-portfolio-post push-button-switch fusion-col-spacing post-8909\"><div class=\"fusion-portfolio-content-wrapper\" style=\"border:1px solid #f2f3f5;border-bottom-width:3px;background-color:rgba(255,255,255,0);\"><span class=\"vcard rich-snippet-hidden\"><span class=\"fn\"><a href=\"https:\/\/www.unionwellswitchs.com\/es\/author\/grandyeadmin\/\" title=\"Entradas de unionwellswitchs\" rel=\"author\">interruptores unionwell<\/a><\/span><\/span><span class=\"updated rich-snippet-hidden\">2026-02-24T09:10:51+00:00<\/span><div  class=\"fusion-image-wrapper\" aria-haspopup=\"true\">\n\t\t\t\t<img decoding=\"async\" width=\"600\" height=\"600\" src=\"https:\/\/www.unionwellswitchs.com\/wp-content\/uploads\/2025\/02\/G25-1121U-600x600-1.jpg\" class=\"attachment-full size-full lazyload wp-post-image\" alt=\"\" srcset=\"data:image\/svg+xml,%3Csvg%20xmlns%3D%27http%3A%2F%2Fwww.w3.org%2F2000%2Fsvg%27%20width%3D%27600%27%20height%3D%27600%27%20viewBox%3D%270%200%20600%20600%27%3E%3Crect%20width%3D%27600%27%20height%3D%27600%27%20fill-opacity%3D%220%22%2F%3E%3C%2Fsvg%3E\" data-orig-src=\"https:\/\/www.unionwellswitchs.com\/wp-content\/uploads\/2025\/02\/G25-1121U-600x600-1.jpg\" data-srcset=\"https:\/\/www.unionwellswitchs.com\/wp-content\/uploads\/2025\/02\/G25-1121U-600x600-1-200x200.jpg 200w, https:\/\/www.unionwellswitchs.com\/wp-content\/uploads\/2025\/02\/G25-1121U-600x600-1-400x400.jpg 400w, https:\/\/www.unionwellswitchs.com\/wp-content\/uploads\/2025\/02\/G25-1121U-600x600-1.jpg 600w\" data-sizes=\"auto\" \/><div class=\"fusion-rollover\">\n\t<div class=\"fusion-rollover-content\">\n\n\t\t\t\t\t\t\t\t\t\t\t\t\t\t<a class=\"fusion-rollover-link\" href=\"https:\/\/www.unionwellswitchs.com\/es\/producto\/interruptor-de-boton-pulsador-para-automovil\/\">Interruptor de bot\u00f3n pulsador para automoci\u00f3n<\/a>\n\t\t\t\n\t\t\t\t\t\t\t\t\n\t\t\n\t\t\t\t\t\t\t\t\t\t\t\t<h4 class=\"fusion-rollover-title\">\n\t\t\t\t\t<a class=\"fusion-rollover-title-link\" href=\"https:\/\/www.unionwellswitchs.com\/es\/producto\/interruptor-de-boton-pulsador-para-automovil\/\">\n\t\t\t\t\t\tInterruptor de bot\u00f3n pulsador para automoci\u00f3n\t\t\t\t\t<\/a>\n\t\t\t\t<\/h4>\n\t\t\t\n\t\t\t\t\t\t\t\t\n\t\t\n\t\t\t\t\t\t<a class=\"fusion-link-wrapper\" href=\"https:\/\/www.unionwellswitchs.com\/es\/producto\/interruptor-de-boton-pulsador-para-automovil\/\" aria-label=\"Interruptor de bot\u00f3n pulsador para automoci\u00f3n\"><\/a>\n\t<\/div>\n<\/div>\n<\/div>\n<div class=\"fusion-portfolio-content\" style=\"background-color:rgba(255,255,255,0);\"><h2 class=\"entry-title fusion-post-title\"><a href=\"https:\/\/www.unionwellswitchs.com\/es\/producto\/interruptor-de-boton-pulsador-para-automovil\/\">Interruptor de bot\u00f3n pulsador para automoci\u00f3n<\/a><\/h2><div class=\"fusion-post-content\"><\/div><\/div><\/div><\/article><article id=\"portfolio-1-post-8904\" class=\"fusion-portfolio-post push-button-switch fusion-col-spacing post-8904\"><div class=\"fusion-portfolio-content-wrapper\" style=\"border:1px solid #f2f3f5;border-bottom-width:3px;background-color:rgba(255,255,255,0);\"><span class=\"vcard rich-snippet-hidden\"><span class=\"fn\"><a href=\"https:\/\/www.unionwellswitchs.com\/es\/author\/grandyeadmin\/\" title=\"Entradas de unionwellswitchs\" rel=\"author\">interruptores unionwell<\/a><\/span><\/span><span class=\"updated rich-snippet-hidden\">2026-02-24T09:12:09+00:00<\/span><div  class=\"fusion-image-wrapper\" aria-haspopup=\"true\">\n\t\t\t\t<img decoding=\"async\" width=\"600\" height=\"600\" src=\"https:\/\/www.unionwellswitchs.com\/wp-content\/uploads\/2025\/02\/G25-1111U-600x600-1.jpg\" class=\"attachment-full size-full lazyload wp-post-image\" alt=\"\" srcset=\"data:image\/svg+xml,%3Csvg%20xmlns%3D%27http%3A%2F%2Fwww.w3.org%2F2000%2Fsvg%27%20width%3D%27600%27%20height%3D%27600%27%20viewBox%3D%270%200%20600%20600%27%3E%3Crect%20width%3D%27600%27%20height%3D%27600%27%20fill-opacity%3D%220%22%2F%3E%3C%2Fsvg%3E\" data-orig-src=\"https:\/\/www.unionwellswitchs.com\/wp-content\/uploads\/2025\/02\/G25-1111U-600x600-1.jpg\" data-srcset=\"https:\/\/www.unionwellswitchs.com\/wp-content\/uploads\/2025\/02\/G25-1111U-600x600-1-200x200.jpg 200w, https:\/\/www.unionwellswitchs.com\/wp-content\/uploads\/2025\/02\/G25-1111U-600x600-1-400x400.jpg 400w, https:\/\/www.unionwellswitchs.com\/wp-content\/uploads\/2025\/02\/G25-1111U-600x600-1.jpg 600w\" data-sizes=\"auto\" \/><div class=\"fusion-rollover\">\n\t<div class=\"fusion-rollover-content\">\n\n\t\t\t\t\t\t\t\t\t\t\t\t\t\t<a class=\"fusion-rollover-link\" href=\"https:\/\/www.unionwellswitchs.com\/es\/producto\/interruptores-de-boton-pulsador-300gf\/\">Interruptores pulsadores de 300 gf<\/a>\n\t\t\t\n\t\t\t\t\t\t\t\t\n\t\t\n\t\t\t\t\t\t\t\t\t\t\t\t<h4 class=\"fusion-rollover-title\">\n\t\t\t\t\t<a class=\"fusion-rollover-title-link\" href=\"https:\/\/www.unionwellswitchs.com\/es\/producto\/interruptores-de-boton-pulsador-300gf\/\">\n\t\t\t\t\t\tInterruptores pulsadores de 300 gf\t\t\t\t\t<\/a>\n\t\t\t\t<\/h4>\n\t\t\t\n\t\t\t\t\t\t\t\t\n\t\t\n\t\t\t\t\t\t<a class=\"fusion-link-wrapper\" href=\"https:\/\/www.unionwellswitchs.com\/es\/producto\/interruptores-de-boton-pulsador-300gf\/\" aria-label=\"Interruptores pulsadores de 300 gf\"><\/a>\n\t<\/div>\n<\/div>\n<\/div>\n<div class=\"fusion-portfolio-content\" style=\"background-color:rgba(255,255,255,0);\"><h2 class=\"entry-title fusion-post-title\"><a href=\"https:\/\/www.unionwellswitchs.com\/es\/producto\/interruptores-de-boton-pulsador-300gf\/\">Interruptores pulsadores de 300 gf<\/a><\/h2><div class=\"fusion-post-content\"><\/div><\/div><\/div><\/article><\/div><\/div><div class=\"fusion-clearfix\"><\/div><\/div><\/div><\/div><\/div>","protected":false},"excerpt":{"rendered":"","protected":false},"author":1,"featured_media":0,"parent":0,"menu_order":0,"comment_status":"closed","ping_status":"closed","template":"","meta":{"footnotes":""},"class_list":["post-9229","page","type-page","status-publish","hentry"],"_links":{"self":[{"href":"https:\/\/www.unionwellswitchs.com\/es\/wp-json\/wp\/v2\/pages\/9229","targetHints":{"allow":["GET"]}}],"collection":[{"href":"https:\/\/www.unionwellswitchs.com\/es\/wp-json\/wp\/v2\/pages"}],"about":[{"href":"https:\/\/www.unionwellswitchs.com\/es\/wp-json\/wp\/v2\/types\/page"}],"author":[{"embeddable":true,"href":"https:\/\/www.unionwellswitchs.com\/es\/wp-json\/wp\/v2\/users\/1"}],"replies":[{"embeddable":true,"href":"https:\/\/www.unionwellswitchs.com\/es\/wp-json\/wp\/v2\/comments?post=9229"}],"version-history":[{"count":5,"href":"https:\/\/www.unionwellswitchs.com\/es\/wp-json\/wp\/v2\/pages\/9229\/revisions"}],"predecessor-version":[{"id":9648,"href":"https:\/\/www.unionwellswitchs.com\/es\/wp-json\/wp\/v2\/pages\/9229\/revisions\/9648"}],"wp:attachment":[{"href":"https:\/\/www.unionwellswitchs.com\/es\/wp-json\/wp\/v2\/media?parent=9229"}],"curies":[{"name":"wp","href":"https:\/\/api.w.org\/{rel}","templated":true}]}}