{"id":9090,"date":"2025-02-19T08:20:23","date_gmt":"2025-02-19T08:20:23","guid":{"rendered":"https:\/\/www.unionwellswitchs.com\/?page_id=9090"},"modified":"2025-02-28T03:22:05","modified_gmt":"2025-02-28T03:22:05","slug":"doarskeakel","status":"publish","type":"page","link":"https:\/\/www.unionwellswitchs.com\/fy\/doarskeakel\/","title":{"rendered":"Deurschakelaar"},"content":{"rendered":"<p><div class=\"fusion-fullwidth fullwidth-box fusion-builder-row-1 nonhundred-percent-fullwidth non-hundred-percent-height-scrolling\" style=\"background-color: rgba(255,255,255,0);background-position: center center;background-repeat: no-repeat;padding-top:0px;padding-right:0px;padding-bottom:0px;padding-left:0px;margin-bottom: 0px;margin-top: 0px;border-width: 0px 0px 0px 0px;border-color:#eae9e9;border-style:solid;\" ><div class=\"fusion-builder-row fusion-row\"><div class=\"fusion-layout-column fusion_builder_column fusion-builder-column-0 fusion_builder_column_1_1 1_1 fusion-one-full fusion-column-first fusion-column-last\" style=\"margin-top:5px;margin-bottom:5px;\"><div class=\"fusion-column-wrapper fusion-flex-column-wrapper-legacy\" style=\"background-position:left top;background-repeat:no-repeat;-webkit-background-size:cover;-moz-background-size:cover;-o-background-size:cover;background-size:cover;padding: 0px 0px 0px 0px;\"><style type=\"text\/css\"><\/style><div class=\"fusion-title title fusion-title-1 fusion-sep-none fusion-title-text fusion-title-size-two\" style=\"font-size:25px;margin-top:10px;margin-right:0px;margin-bottom:10px;margin-left:0px;\"><h2 class=\"title-heading-left\" style=\"margin:0;font-size:1em;\">Ynformaasje oer doarskakelaar<\/h2><\/div><div class=\"fusion-text fusion-text-1\"><p>De Unionwell SWP doarmikroswitch hat de folgjende spesifikaasjes en funksjes:<\/p>\n<p>Wurdearrings: 0.25A by 250VAC, 0.5A by 24VDC<br \/>\nFeilichheidssertifikaasjes: Alle produkten binne sertifisearre mei wichtige wr\u00e2ldwide feilichheidsnormen.<\/p>\n<p>Eigenskippen:<\/p>\n<p>Konstruksje mei ien hendel<br \/>\nKompakte grutte<br \/>\nUntworpen foar langduorjende duorsumens<br \/>\nUL \/ ENEC goedkard<\/p>\n<p>Applikaasjes:<br \/>\nIt wurdt benammen br\u00fbkt foar ferljochting en fentilaasjekontr\u00f4le yn h\u00fash\u00e2ldlike apparaten lykas kuolkasten, friezers en koelunits. It wurdt ek breed tapast yn stroomkontr\u00f4le foar magnetrons, sterilisaasjekasten, airconditioners en oare elektryske h\u00fash\u00e2ldlike apparaten.<\/p>\n<\/div><div class=\"fusion-sep-clear\"><\/div><div class=\"fusion-separator fusion-full-width-sep\" style=\"margin-left: auto;margin-right: auto;width:100%;\"><\/div><div class=\"fusion-sep-clear\"><\/div><div class=\"fusion-text fusion-text-2\"><p><img decoding=\"async\" class=\"lazyload alignleft wp-image-9194 size-full\" src=\"https:\/\/www.unionwellswitchs.com\/wp-content\/uploads\/2025\/02\/201906100922029648023.gif\" data-orig-src=\"https:\/\/www.unionwellswitchs.com\/wp-content\/uploads\/2025\/02\/201906100922029648023.gif\" alt=\"\" width=\"98\" height=\"98\" srcset=\"data:image\/svg+xml,%3Csvg%20xmlns%3D%27http%3A%2F%2Fwww.w3.org%2F2000%2Fsvg%27%20width%3D%2798%27%20height%3D%2798%27%20viewBox%3D%270%200%2098%2098%27%3E%3Crect%20width%3D%2798%27%20height%3D%2798%27%20fill-opacity%3D%220%22%2F%3E%3C%2Fsvg%3E\" data-srcset=\"https:\/\/www.unionwellswitchs.com\/wp-content\/uploads\/2025\/02\/201906100922029648023-66x66.gif 66w, https:\/\/www.unionwellswitchs.com\/wp-content\/uploads\/2025\/02\/201906100922029648023.gif 98w\" data-sizes=\"auto\" data-orig-sizes=\"(max-width: 98px) 100vw, 98px\" \/><br \/>\n<a href=\"https:\/\/www.unionwellswitchs.com\/wp-content\/uploads\/2025\/02\/ATEX-Explosion-Proof-Refrigerator-Door-Switch-SWD-Series-PDF-2.pdf\" target=\"_blank\" rel=\"noopener\">Deurschakelaar SWD-searje.pdf<\/a><\/p>\n<\/div><div class=\"fusion-sep-clear\"><\/div><div class=\"fusion-separator fusion-full-width-sep\" style=\"margin-left: auto;margin-right: auto;width:100%;\"><\/div><div class=\"fusion-sep-clear\"><\/div><div class=\"fusion-clearfix\"><\/div><\/div><\/div><\/div><\/div><div class=\"fusion-fullwidth fullwidth-box fusion-builder-row-2 has-pattern-background has-mask-background nonhundred-percent-fullwidth non-hundred-percent-height-scrolling\" style=\"background-color: rgba(255,255,255,0);background-position: center center;background-repeat: no-repeat;padding-top:0px;padding-right:0px;padding-bottom:0px;padding-left:0px;margin-bottom: 0px;margin-top: 0px;border-width: 0px 0px 0px 0px;border-color:#eae9e9;border-style:solid;\" ><div class=\"fusion-builder-row fusion-row\"><div class=\"fusion-layout-column fusion_builder_column fusion-builder-column-1 fusion_builder_column_1_1 1_1 fusion-one-full fusion-column-first fusion-column-last\" style=\"margin-top:5px;margin-bottom:5px;\"><div class=\"fusion-column-wrapper fusion-flex-column-wrapper-legacy\" style=\"background-position:left top;background-repeat:no-repeat;-webkit-background-size:cover;-moz-background-size:cover;-o-background-size:cover;background-size:cover;background-color:var(--awb-custom_color_1);padding: 7px 10px 7px 15px;\"><style type=\"text\/css\"><\/style><div class=\"fusion-title title fusion-title-2 fusion-sep-none fusion-title-text fusion-title-size-two\" style=\"font-size:25px;margin-top:10px;margin-right:0px;margin-bottom:10px;margin-left:0px;\"><h2 class=\"title-heading-left\" style=\"margin:0;font-size:1em;color:#ffffff;\">Deurschakelaar-searje<\/h2><\/div><div class=\"fusion-clearfix\"><\/div><\/div><\/div><\/div><style type=\"text\/css\">.fusion-fullwidth.fusion-builder-row-2 a:not(.awb-custom-text-hover-color):not(.fusion-button):not(.fusion-builder-module-control):not(.fusion-social-network-icon):not(.fb-icon-element):not(.fusion-countdown-link):not(.fusion-rollover-link):not(.fusion-rollover-gallery):not(.fusion-button-bar):not(.add_to_cart_button):not(.show_details_button):not(.product_type_external):not(.fusion-view-cart):not(.fusion-quick-view):not(.fusion-rollover-title-link):not(.fusion-breadcrumb-link):hover, .fusion-fullwidth.fusion-builder-row-2 a:not(.awb-custom-text-hover-color):not(.fusion-button):not(.fusion-builder-module-control):not(.fusion-social-network-icon):not(.fb-icon-element):not(.fusion-countdown-link):not(.fusion-rollover-link):not(.fusion-rollover-gallery):not(.fusion-button-bar):not(.add_to_cart_button):not(.show_details_button):not(.product_type_external):not(.fusion-view-cart):not(.fusion-quick-view):not(.fusion-rollover-title-link):not(.fusion-breadcrumb-link):hover:before, .fusion-fullwidth.fusion-builder-row-2 a:not(.awb-custom-text-hover-color):not(.fusion-button):not(.fusion-builder-module-control):not(.fusion-social-network-icon):not(.fb-icon-element):not(.fusion-countdown-link):not(.fusion-rollover-link):not(.fusion-rollover-gallery):not(.fusion-button-bar):not(.add_to_cart_button):not(.show_details_button):not(.product_type_external):not(.fusion-view-cart):not(.fusion-quick-view):not(.fusion-rollover-title-link):not(.fusion-breadcrumb-link):hover:after {color: var(--awb-color6);}.fusion-fullwidth.fusion-builder-row-2 .pagination a.inactive:hover, .fusion-fullwidth.fusion-builder-row-2 .fusion-filters .fusion-filter.fusion-active a {border-color: var(--awb-color6);}.fusion-fullwidth.fusion-builder-row-2 .pagination .current {border-color: var(--awb-color6); background-color: var(--awb-color6);}.fusion-fullwidth.fusion-builder-row-2 .fusion-filters .fusion-filter.fusion-active a, .fusion-fullwidth.fusion-builder-row-2 .fusion-date-and-formats .fusion-format-box, .fusion-fullwidth.fusion-builder-row-2 .fusion-popover, .fusion-fullwidth.fusion-builder-row-2 .tooltip-shortcode {color: var(--awb-color6);}#wrapper .fusion-fullwidth.fusion-builder-row-2 .fusion-widget-area .fusion-vertical-menu-widget .menu li.current_page_ancestor > a, #wrapper .fusion-fullwidth.fusion-builder-row-2 .fusion-widget-area .fusion-vertical-menu-widget .menu li.current_page_ancestor > a:before, #wrapper .fusion-fullwidth.fusion-builder-row-2 .fusion-widget-area .fusion-vertical-menu-widget .current-menu-item > a, #wrapper .fusion-fullwidth.fusion-builder-row-2 .fusion-widget-area .fusion-vertical-menu-widget .current-menu-item > a:before, #wrapper .fusion-fullwidth.fusion-builder-row-2 .fusion-widget-area .fusion-vertical-menu-widget .current_page_item > a, #wrapper .fusion-fullwidth.fusion-builder-row-2 .fusion-widget-area .fusion-vertical-menu-widget .current_page_item > a:before {color: var(--awb-color6);}#wrapper .fusion-fullwidth.fusion-builder-row-2 .fusion-widget-area .widget_nav_menu .menu li.current_page_ancestor > a, #wrapper .fusion-fullwidth.fusion-builder-row-2 .fusion-widget-area .widget_nav_menu .menu li.current_page_ancestor > a:before, #wrapper .fusion-fullwidth.fusion-builder-row-2 .fusion-widget-area .widget_nav_menu .current-menu-item > a, #wrapper .fusion-fullwidth.fusion-builder-row-2 .fusion-widget-area .widget_nav_menu .current-menu-item > a:before, #wrapper .fusion-fullwidth.fusion-builder-row-2 .fusion-widget-area .widget_nav_menu .current_page_item > a, #wrapper .fusion-fullwidth.fusion-builder-row-2 .fusion-widget-area .widget_nav_menu .current_page_item > a:before {color: var(--awb-color6);}#wrapper .fusion-fullwidth.fusion-builder-row-2 .fusion-vertical-menu-widget .menu li.current_page_item > a { border-right-color:var(--awb-color6);border-left-color:var(--awb-color6);}#wrapper .fusion-fullwidth.fusion-builder-row-2 .fusion-widget-area .tagcloud a:hover { color: #fff; background-color: var(--awb-color6);border-color: var(--awb-color6);}#main .fusion-fullwidth.fusion-builder-row-2 .post .blog-shortcode-post-title a:hover {color: var(--awb-color6);}<\/style><\/div><div class=\"fusion-fullwidth fullwidth-box fusion-builder-row-3 has-pattern-background has-mask-background nonhundred-percent-fullwidth non-hundred-percent-height-scrolling\" style=\"background-color: rgba(255,255,255,0);background-position: center center;background-repeat: no-repeat;padding-top:0px;padding-right:0px;padding-bottom:0px;padding-left:0px;margin-bottom: 0px;margin-top: 0px;border-width: 0px 0px 0px 0px;border-color:#eae9e9;border-style:solid;\" ><div class=\"fusion-builder-row fusion-row\"><div class=\"fusion-layout-column fusion_builder_column fusion-builder-column-2 fusion_builder_column_1_3 1_3 fusion-one-third fusion-column-first\" style=\"width:33.333333333333%;width:calc(33.333333333333% - ( ( 4% + 4% ) * 0.33333333333333 ) );margin-right: 4%;margin-top:5px;margin-bottom:5px;\"><div class=\"fusion-column-wrapper fusion-flex-column-wrapper-legacy\" style=\"background-position:left top;background-repeat:no-repeat;-webkit-background-size:cover;-moz-background-size:cover;-o-background-size:cover;background-size:cover;background-color:var(--awb-color1);padding: 7px 10px 7px 15px;\"><style type=\"text\/css\"><\/style><div class=\"fusion-title title fusion-title-3 fusion-sep-none fusion-title-text fusion-title-size-one\" style=\"margin-top:10px;margin-right:0px;margin-bottom:10px;margin-left:0px;\"><h1 class=\"title-heading-left\" style=\"margin:0;\"><h3 style=\"text-align: center; font-size: 18px;\"><a href=\"https:\/\/www.unionwellswitchs.com\/fy\/doar-switch-swp\/\">Deurschakelaar (SWP)<\/a><\/h3><\/h1><\/div><span class=\"fusion-imageframe imageframe-none imageframe-1 hover-type-none\"><a class=\"fusion-no-lightbox\" href=\"https:\/\/www.unionwellswitchs.com\/fy\/doar-switch-swp\/\" target=\"_self\" aria-label=\"Deurschakelaar (SWP)\"><img decoding=\"async\" width=\"330\" height=\"170\" src=\"https:\/\/www.unionwellswitchs.com\/wp-content\/uploads\/2025\/02\/Door-Switch-SWP.jpg\" data-orig-src=\"https:\/\/www.unionwellswitchs.com\/wp-content\/uploads\/2025\/02\/Door-Switch-SWP.jpg\" alt class=\"lazyload img-responsive wp-image-9112\" srcset=\"data:image\/svg+xml,%3Csvg%20xmlns%3D%27http%3A%2F%2Fwww.w3.org%2F2000%2Fsvg%27%20width%3D%27330%27%20height%3D%27170%27%20viewBox%3D%270%200%20330%20170%27%3E%3Crect%20width%3D%27330%27%20height%3D%27170%27%20fill-opacity%3D%220%22%2F%3E%3C%2Fsvg%3E\" data-srcset=\"https:\/\/www.unionwellswitchs.com\/wp-content\/uploads\/2025\/02\/Door-Switch-SWP-200x103.jpg 200w, https:\/\/www.unionwellswitchs.com\/wp-content\/uploads\/2025\/02\/Door-Switch-SWP.jpg 330w\" data-sizes=\"auto\" data-orig-sizes=\"(max-width: 800px) 100vw, 330px\" \/><\/a><\/span><div class=\"fusion-clearfix\"><\/div><\/div><\/div><div class=\"fusion-layout-column fusion_builder_column fusion-builder-column-3 fusion_builder_column_1_3 1_3 fusion-one-third\" style=\"width:33.333333333333%;width:calc(33.333333333333% - ( ( 4% + 4% ) * 0.33333333333333 ) );margin-right: 4%;margin-top:5px;margin-bottom:5px;\"><div class=\"fusion-column-wrapper fusion-flex-column-wrapper-legacy\" style=\"background-position:left top;background-repeat:no-repeat;-webkit-background-size:cover;-moz-background-size:cover;-o-background-size:cover;background-size:cover;background-color:var(--awb-color1);padding: 7px 10px 7px 15px;\"><style type=\"text\/css\"><\/style><div class=\"fusion-title title fusion-title-4 fusion-sep-none fusion-title-text fusion-title-size-one\" style=\"margin-top:10px;margin-right:0px;margin-bottom:10px;margin-left:0px;\"><h1 class=\"title-heading-left\" style=\"margin:0;\"><h3 style=\"text-align: center; font-size: 18px;\"><a href=\"https:\/\/www.unionwellswitchs.com\/fy\/doarschakelaar-fan-sinklegering\/\">Deurschakelaar fan sinklegering<\/a><\/h3><\/h1><\/div><span class=\"fusion-imageframe imageframe-none imageframe-2 hover-type-none\"><a class=\"fusion-no-lightbox\" href=\"https:\/\/www.unionwellswitchs.com\/fy\/doarschakelaar-fan-sinklegering\/\" target=\"_self\" aria-label=\"Sinklegering-doar-skeakel\"><img decoding=\"async\" width=\"330\" height=\"170\" src=\"https:\/\/www.unionwellswitchs.com\/wp-content\/uploads\/2025\/02\/Zinc-Alloy-Door-Switch.jpg\" data-orig-src=\"https:\/\/www.unionwellswitchs.com\/wp-content\/uploads\/2025\/02\/Zinc-Alloy-Door-Switch.jpg\" alt class=\"lazyload img-responsive wp-image-9113\" srcset=\"data:image\/svg+xml,%3Csvg%20xmlns%3D%27http%3A%2F%2Fwww.w3.org%2F2000%2Fsvg%27%20width%3D%27330%27%20height%3D%27170%27%20viewBox%3D%270%200%20330%20170%27%3E%3Crect%20width%3D%27330%27%20height%3D%27170%27%20fill-opacity%3D%220%22%2F%3E%3C%2Fsvg%3E\" data-srcset=\"https:\/\/www.unionwellswitchs.com\/wp-content\/uploads\/2025\/02\/Zinc-Alloy-Door-Switch-200x103.jpg 200w, https:\/\/www.unionwellswitchs.com\/wp-content\/uploads\/2025\/02\/Zinc-Alloy-Door-Switch.jpg 330w\" data-sizes=\"auto\" data-orig-sizes=\"(max-width: 800px) 100vw, 330px\" \/><\/a><\/span><div class=\"fusion-clearfix\"><\/div><\/div><\/div><div class=\"fusion-layout-column fusion_builder_column fusion-builder-column-4 fusion_builder_column_1_3 1_3 fusion-one-third fusion-column-last\" style=\"width:33.333333333333%;width:calc(33.333333333333% - ( ( 4% + 4% ) * 0.33333333333333 ) );margin-top:5px;margin-bottom:5px;\"><div class=\"fusion-column-wrapper fusion-flex-column-wrapper-legacy\" style=\"background-position:left top;background-repeat:no-repeat;-webkit-background-size:cover;-moz-background-size:cover;-o-background-size:cover;background-size:cover;background-color:var(--awb-color1);padding: 7px 10px 7px 15px;\"><style type=\"text\/css\"><\/style><div class=\"fusion-title title fusion-title-5 fusion-sep-none fusion-title-text fusion-title-size-one\" style=\"margin-top:10px;margin-right:0px;margin-bottom:10px;margin-left:0px;\"><h1 class=\"title-heading-left\" style=\"margin:0;\"><h3 style=\"text-align: center; font-size: 18px;\"><a href=\"https:\/\/www.unionwellswitchs.com\/fy\/kuolkastdoarskakelaarswd\/\">Kuolkastdoarskakelaar (SWD)<\/a><\/h3><\/h1><\/div><span class=\"fusion-imageframe imageframe-none imageframe-3 hover-type-none\"><a class=\"fusion-no-lightbox\" href=\"https:\/\/www.unionwellswitchs.com\/fy\/kuolkastdoarskakelaarswd\/\" target=\"_self\" aria-label=\"Koelkastdoarskakelaar (SWD)\"><img decoding=\"async\" width=\"330\" height=\"170\" src=\"https:\/\/www.unionwellswitchs.com\/wp-content\/uploads\/2025\/02\/Refrigerator-Door-SwitchSWD.jpg\" data-orig-src=\"https:\/\/www.unionwellswitchs.com\/wp-content\/uploads\/2025\/02\/Refrigerator-Door-SwitchSWD.jpg\" alt class=\"lazyload img-responsive wp-image-9114\" srcset=\"data:image\/svg+xml,%3Csvg%20xmlns%3D%27http%3A%2F%2Fwww.w3.org%2F2000%2Fsvg%27%20width%3D%27330%27%20height%3D%27170%27%20viewBox%3D%270%200%20330%20170%27%3E%3Crect%20width%3D%27330%27%20height%3D%27170%27%20fill-opacity%3D%220%22%2F%3E%3C%2Fsvg%3E\" data-srcset=\"https:\/\/www.unionwellswitchs.com\/wp-content\/uploads\/2025\/02\/Refrigerator-Door-SwitchSWD-200x103.jpg 200w, https:\/\/www.unionwellswitchs.com\/wp-content\/uploads\/2025\/02\/Refrigerator-Door-SwitchSWD.jpg 330w\" data-sizes=\"auto\" data-orig-sizes=\"(max-width: 800px) 100vw, 330px\" \/><\/a><\/span><div class=\"fusion-clearfix\"><\/div><\/div><\/div><\/div><style type=\"text\/css\">.fusion-fullwidth.fusion-builder-row-3 a:not(.awb-custom-text-hover-color):not(.fusion-button):not(.fusion-builder-module-control):not(.fusion-social-network-icon):not(.fb-icon-element):not(.fusion-countdown-link):not(.fusion-rollover-link):not(.fusion-rollover-gallery):not(.fusion-button-bar):not(.add_to_cart_button):not(.show_details_button):not(.product_type_external):not(.fusion-view-cart):not(.fusion-quick-view):not(.fusion-rollover-title-link):not(.fusion-breadcrumb-link):hover, .fusion-fullwidth.fusion-builder-row-3 a:not(.awb-custom-text-hover-color):not(.fusion-button):not(.fusion-builder-module-control):not(.fusion-social-network-icon):not(.fb-icon-element):not(.fusion-countdown-link):not(.fusion-rollover-link):not(.fusion-rollover-gallery):not(.fusion-button-bar):not(.add_to_cart_button):not(.show_details_button):not(.product_type_external):not(.fusion-view-cart):not(.fusion-quick-view):not(.fusion-rollover-title-link):not(.fusion-breadcrumb-link):hover:before, .fusion-fullwidth.fusion-builder-row-3 a:not(.awb-custom-text-hover-color):not(.fusion-button):not(.fusion-builder-module-control):not(.fusion-social-network-icon):not(.fb-icon-element):not(.fusion-countdown-link):not(.fusion-rollover-link):not(.fusion-rollover-gallery):not(.fusion-button-bar):not(.add_to_cart_button):not(.show_details_button):not(.product_type_external):not(.fusion-view-cart):not(.fusion-quick-view):not(.fusion-rollover-title-link):not(.fusion-breadcrumb-link):hover:after {color: var(--awb-color6);}.fusion-fullwidth.fusion-builder-row-3 .pagination a.inactive:hover, .fusion-fullwidth.fusion-builder-row-3 .fusion-filters .fusion-filter.fusion-active a {border-color: var(--awb-color6);}.fusion-fullwidth.fusion-builder-row-3 .pagination .current {border-color: var(--awb-color6); background-color: var(--awb-color6);}.fusion-fullwidth.fusion-builder-row-3 .fusion-filters .fusion-filter.fusion-active a, .fusion-fullwidth.fusion-builder-row-3 .fusion-date-and-formats .fusion-format-box, .fusion-fullwidth.fusion-builder-row-3 .fusion-popover, .fusion-fullwidth.fusion-builder-row-3 .tooltip-shortcode {color: var(--awb-color6);}#wrapper .fusion-fullwidth.fusion-builder-row-3 .fusion-widget-area .fusion-vertical-menu-widget .menu li.current_page_ancestor > a, #wrapper .fusion-fullwidth.fusion-builder-row-3 .fusion-widget-area .fusion-vertical-menu-widget .menu li.current_page_ancestor > a:before, #wrapper .fusion-fullwidth.fusion-builder-row-3 .fusion-widget-area .fusion-vertical-menu-widget .current-menu-item > a, #wrapper .fusion-fullwidth.fusion-builder-row-3 .fusion-widget-area .fusion-vertical-menu-widget .current-menu-item > a:before, #wrapper .fusion-fullwidth.fusion-builder-row-3 .fusion-widget-area .fusion-vertical-menu-widget .current_page_item > a, #wrapper .fusion-fullwidth.fusion-builder-row-3 .fusion-widget-area .fusion-vertical-menu-widget .current_page_item > a:before {color: var(--awb-color6);}#wrapper .fusion-fullwidth.fusion-builder-row-3 .fusion-widget-area .widget_nav_menu .menu li.current_page_ancestor > a, #wrapper .fusion-fullwidth.fusion-builder-row-3 .fusion-widget-area .widget_nav_menu .menu li.current_page_ancestor > a:before, #wrapper .fusion-fullwidth.fusion-builder-row-3 .fusion-widget-area .widget_nav_menu .current-menu-item > a, #wrapper .fusion-fullwidth.fusion-builder-row-3 .fusion-widget-area .widget_nav_menu .current-menu-item > a:before, #wrapper .fusion-fullwidth.fusion-builder-row-3 .fusion-widget-area .widget_nav_menu .current_page_item > a, #wrapper .fusion-fullwidth.fusion-builder-row-3 .fusion-widget-area .widget_nav_menu .current_page_item > a:before {color: var(--awb-color6);}#wrapper .fusion-fullwidth.fusion-builder-row-3 .fusion-vertical-menu-widget .menu li.current_page_item > a { border-right-color:var(--awb-color6);border-left-color:var(--awb-color6);}#wrapper .fusion-fullwidth.fusion-builder-row-3 .fusion-widget-area .tagcloud a:hover { color: #fff; background-color: var(--awb-color6);border-color: var(--awb-color6);}#main .fusion-fullwidth.fusion-builder-row-3 .post .blog-shortcode-post-title a:hover {color: var(--awb-color6);}<\/style><\/div><\/p>","protected":false},"excerpt":{"rendered":"","protected":false},"author":1,"featured_media":0,"parent":0,"menu_order":0,"comment_status":"closed","ping_status":"closed","template":"","meta":{"footnotes":""},"class_list":["post-9090","page","type-page","status-publish","hentry"],"_links":{"self":[{"href":"https:\/\/www.unionwellswitchs.com\/fy\/wp-json\/wp\/v2\/pages\/9090","targetHints":{"allow":["GET"]}}],"collection":[{"href":"https:\/\/www.unionwellswitchs.com\/fy\/wp-json\/wp\/v2\/pages"}],"about":[{"href":"https:\/\/www.unionwellswitchs.com\/fy\/wp-json\/wp\/v2\/types\/page"}],"author":[{"embeddable":true,"href":"https:\/\/www.unionwellswitchs.com\/fy\/wp-json\/wp\/v2\/users\/1"}],"replies":[{"embeddable":true,"href":"https:\/\/www.unionwellswitchs.com\/fy\/wp-json\/wp\/v2\/comments?post=9090"}],"version-history":[{"count":5,"href":"https:\/\/www.unionwellswitchs.com\/fy\/wp-json\/wp\/v2\/pages\/9090\/revisions"}],"predecessor-version":[{"id":9655,"href":"https:\/\/www.unionwellswitchs.com\/fy\/wp-json\/wp\/v2\/pages\/9090\/revisions\/9655"}],"wp:attachment":[{"href":"https:\/\/www.unionwellswitchs.com\/fy\/wp-json\/wp\/v2\/media?parent=9090"}],"curies":[{"name":"wp","href":"https:\/\/api.w.org\/{rel}","templated":true}]}}